{"id":13762,"date":"2026-03-26T17:50:30","date_gmt":"2026-03-26T20:50:30","guid":{"rendered":"https:\/\/eurotech.uy\/herramientas\/?post_type=product&#038;p=13762"},"modified":"2026-03-26T22:09:34","modified_gmt":"2026-03-27T01:09:34","slug":"termometro-digital-higrometro-con-sonda","status":"publish","type":"product","link":"https:\/\/eurotech.uy\/herramientas\/producto\/termometro-digital-higrometro-con-sonda\/","title":{"rendered":"Term\u00f3metro digital + higr\u00f3metro &#8211; Con sonda"},"content":{"rendered":"","protected":false},"excerpt":{"rendered":"<p><span data-sheets-root=\"1\">Ideal para controlar condiciones ambientales tanto en interiores como en exteriores, permite visualizar simult\u00e1neamente temperatura, humedad y hora<br \/>\n&#8211; Tama\u00f1o pantalla LCD: 43 x 63 mm<br \/>\n&#8211; Rango de temperatura interior: \u201330\u00b0C a 50\u00b0C<br \/>\n&#8211; Rango de temperatura exterior: \u201350\u00b0C a 70\u00b0C<br \/>\n&#8211; Rango de humedad: 20% a 90%<br \/>\n&#8211; Precisi\u00f3n de temperatura: 0.1\u00b0C<br \/>\n&#8211; Precisi\u00f3n de humedad: 1%<br \/>\n&#8211; Largo de sonda con bulbo: 1 metro<br \/>\n&#8211; Alarma configurable<br \/>\n&#8211; Medidas:115 x 64 x 19 mm<br \/>\n&#8211; Alimentaci\u00f3n: DC1.5V (AAA)<br \/>\n&#8211; Pie para colocar sobre mesa, gancho para colgar en pared e im\u00e1n para superficies met\u00e1licas<\/span><\/p>\n","protected":false},"featured_media":13715,"template":"","meta":[],"product_brand":[],"product_cat":[411],"product_tag":[],"class_list":{"0":"post-13762","1":"product","2":"type-product","3":"status-publish","4":"has-post-thumbnail","6":"product_cat-otros-subc1-medicion-y-prueba","8":"first","9":"instock","10":"featured","11":"shipping-taxable","12":"product-type-simple"},"yoast_head":"<!-- This site is optimized with the Yoast SEO plugin v25.3 - https:\/\/yoast.com\/wordpress\/plugins\/seo\/ -->\n<title>Term\u00f3metro digital + higr\u00f3metro - Con sonda - Eurotech Herramientas Uruguay<\/title>\n<meta name=\"robots\" content=\"index, follow, max-snippet:-1, max-image-preview:large, max-video-preview:-1\" \/>\n<link rel=\"canonical\" href=\"https:\/\/eurotech.uy\/herramientas\/producto\/termometro-digital-higrometro-con-sonda\/\" \/>\n<meta property=\"og:locale\" content=\"es_ES\" \/>\n<meta property=\"og:type\" content=\"article\" \/>\n<meta property=\"og:title\" content=\"Term\u00f3metro digital + higr\u00f3metro - Con sonda - Eurotech Herramientas Uruguay\" \/>\n<meta property=\"og:description\" content=\"Ideal para controlar condiciones ambientales tanto en interiores como en exteriores, permite visualizar simult\u00e1neamente temperatura, humedad y hora - Tama\u00f1o pantalla LCD: 43 x 63 mm - Rango de temperatura interior: \u201330\u00b0C a 50\u00b0C - Rango de temperatura exterior: \u201350\u00b0C a 70\u00b0C - Rango de humedad: 20% a 90% - Precisi\u00f3n de temperatura: 0.1\u00b0C - Precisi\u00f3n de humedad: 1% - Largo de sonda con bulbo: 1 metro - Alarma configurable - Medidas:115 x 64 x 19 mm - Alimentaci\u00f3n: DC1.5V (AAA) - Pie para colocar sobre mesa, gancho para colgar en pared e im\u00e1n para superficies met\u00e1licas\" \/>\n<meta property=\"og:url\" content=\"https:\/\/eurotech.uy\/herramientas\/producto\/termometro-digital-higrometro-con-sonda\/\" \/>\n<meta property=\"og:site_name\" content=\"Eurotech Herramientas Uruguay\" \/>\n<meta property=\"article:modified_time\" content=\"2026-03-27T01:09:34+00:00\" \/>\n<meta property=\"og:image\" content=\"https:\/\/eurotech.uy\/herramientas\/wp-content\/uploads\/2026\/03\/6925-01.jpg\" \/>\n\t<meta property=\"og:image:width\" content=\"1080\" \/>\n\t<meta property=\"og:image:height\" content=\"1080\" \/>\n\t<meta property=\"og:image:type\" content=\"image\/jpeg\" \/>\n<meta name=\"twitter:card\" content=\"summary_large_image\" \/>\n<meta name=\"twitter:label1\" content=\"Tiempo de lectura\" \/>\n\t<meta name=\"twitter:data1\" content=\"1 minuto\" \/>\n<script type=\"application\/ld+json\" class=\"yoast-schema-graph\">{\"@context\":\"https:\/\/schema.org\",\"@graph\":[{\"@type\":\"WebPage\",\"@id\":\"https:\/\/eurotech.uy\/herramientas\/producto\/termometro-digital-higrometro-con-sonda\/\",\"url\":\"https:\/\/eurotech.uy\/herramientas\/producto\/termometro-digital-higrometro-con-sonda\/\",\"name\":\"Term\u00f3metro digital + higr\u00f3metro - Con sonda - Eurotech Herramientas Uruguay\",\"isPartOf\":{\"@id\":\"https:\/\/eurotech.uy\/herramientas\/#website\"},\"primaryImageOfPage\":{\"@id\":\"https:\/\/eurotech.uy\/herramientas\/producto\/termometro-digital-higrometro-con-sonda\/#primaryimage\"},\"image\":{\"@id\":\"https:\/\/eurotech.uy\/herramientas\/producto\/termometro-digital-higrometro-con-sonda\/#primaryimage\"},\"thumbnailUrl\":\"https:\/\/eurotech.uy\/herramientas\/wp-content\/uploads\/2026\/03\/6925-01.jpg\",\"datePublished\":\"2026-03-26T20:50:30+00:00\",\"dateModified\":\"2026-03-27T01:09:34+00:00\",\"breadcrumb\":{\"@id\":\"https:\/\/eurotech.uy\/herramientas\/producto\/termometro-digital-higrometro-con-sonda\/#breadcrumb\"},\"inLanguage\":\"es\",\"potentialAction\":[{\"@type\":\"ReadAction\",\"target\":[\"https:\/\/eurotech.uy\/herramientas\/producto\/termometro-digital-higrometro-con-sonda\/\"]}]},{\"@type\":\"ImageObject\",\"inLanguage\":\"es\",\"@id\":\"https:\/\/eurotech.uy\/herramientas\/producto\/termometro-digital-higrometro-con-sonda\/#primaryimage\",\"url\":\"https:\/\/eurotech.uy\/herramientas\/wp-content\/uploads\/2026\/03\/6925-01.jpg\",\"contentUrl\":\"https:\/\/eurotech.uy\/herramientas\/wp-content\/uploads\/2026\/03\/6925-01.jpg\",\"width\":1080,\"height\":1080},{\"@type\":\"BreadcrumbList\",\"@id\":\"https:\/\/eurotech.uy\/herramientas\/producto\/termometro-digital-higrometro-con-sonda\/#breadcrumb\",\"itemListElement\":[{\"@type\":\"ListItem\",\"position\":1,\"name\":\"Portada\",\"item\":\"https:\/\/eurotech.uy\/herramientas\/\"},{\"@type\":\"ListItem\",\"position\":2,\"name\":\"new shop page\",\"item\":\"https:\/\/eurotech.uy\/herramientas\/?page_id=6998\"},{\"@type\":\"ListItem\",\"position\":3,\"name\":\"Term\u00f3metro digital + higr\u00f3metro &#8211; Con sonda\"}]},{\"@type\":\"WebSite\",\"@id\":\"https:\/\/eurotech.uy\/herramientas\/#website\",\"url\":\"https:\/\/eurotech.uy\/herramientas\/\",\"name\":\"Eurotech Herramientas Uruguay\",\"description\":\"Eurotech Herramientas\",\"potentialAction\":[{\"@type\":\"SearchAction\",\"target\":{\"@type\":\"EntryPoint\",\"urlTemplate\":\"https:\/\/eurotech.uy\/herramientas\/?s={search_term_string}\"},\"query-input\":{\"@type\":\"PropertyValueSpecification\",\"valueRequired\":true,\"valueName\":\"search_term_string\"}}],\"inLanguage\":\"es\"}]}<\/script>\n<!-- \/ Yoast SEO plugin. -->","yoast_head_json":{"title":"Term\u00f3metro digital + higr\u00f3metro - Con sonda - Eurotech Herramientas Uruguay","robots":{"index":"index","follow":"follow","max-snippet":"max-snippet:-1","max-image-preview":"max-image-preview:large","max-video-preview":"max-video-preview:-1"},"canonical":"https:\/\/eurotech.uy\/herramientas\/producto\/termometro-digital-higrometro-con-sonda\/","og_locale":"es_ES","og_type":"article","og_title":"Term\u00f3metro digital + higr\u00f3metro - Con sonda - Eurotech Herramientas Uruguay","og_description":"Ideal para controlar condiciones ambientales tanto en interiores como en exteriores, permite visualizar simult\u00e1neamente temperatura, humedad y hora - Tama\u00f1o pantalla LCD: 43 x 63 mm - Rango de temperatura interior: \u201330\u00b0C a 50\u00b0C - Rango de temperatura exterior: \u201350\u00b0C a 70\u00b0C - Rango de humedad: 20% a 90% - Precisi\u00f3n de temperatura: 0.1\u00b0C - Precisi\u00f3n de humedad: 1% - Largo de sonda con bulbo: 1 metro - Alarma configurable - Medidas:115 x 64 x 19 mm - Alimentaci\u00f3n: DC1.5V (AAA) - Pie para colocar sobre mesa, gancho para colgar en pared e im\u00e1n para superficies met\u00e1licas","og_url":"https:\/\/eurotech.uy\/herramientas\/producto\/termometro-digital-higrometro-con-sonda\/","og_site_name":"Eurotech Herramientas Uruguay","article_modified_time":"2026-03-27T01:09:34+00:00","og_image":[{"width":1080,"height":1080,"url":"https:\/\/eurotech.uy\/herramientas\/wp-content\/uploads\/2026\/03\/6925-01.jpg","type":"image\/jpeg"}],"twitter_card":"summary_large_image","twitter_misc":{"Tiempo de lectura":"1 minuto"},"schema":{"@context":"https:\/\/schema.org","@graph":[{"@type":"WebPage","@id":"https:\/\/eurotech.uy\/herramientas\/producto\/termometro-digital-higrometro-con-sonda\/","url":"https:\/\/eurotech.uy\/herramientas\/producto\/termometro-digital-higrometro-con-sonda\/","name":"Term\u00f3metro digital + higr\u00f3metro - Con sonda - Eurotech Herramientas Uruguay","isPartOf":{"@id":"https:\/\/eurotech.uy\/herramientas\/#website"},"primaryImageOfPage":{"@id":"https:\/\/eurotech.uy\/herramientas\/producto\/termometro-digital-higrometro-con-sonda\/#primaryimage"},"image":{"@id":"https:\/\/eurotech.uy\/herramientas\/producto\/termometro-digital-higrometro-con-sonda\/#primaryimage"},"thumbnailUrl":"https:\/\/eurotech.uy\/herramientas\/wp-content\/uploads\/2026\/03\/6925-01.jpg","datePublished":"2026-03-26T20:50:30+00:00","dateModified":"2026-03-27T01:09:34+00:00","breadcrumb":{"@id":"https:\/\/eurotech.uy\/herramientas\/producto\/termometro-digital-higrometro-con-sonda\/#breadcrumb"},"inLanguage":"es","potentialAction":[{"@type":"ReadAction","target":["https:\/\/eurotech.uy\/herramientas\/producto\/termometro-digital-higrometro-con-sonda\/"]}]},{"@type":"ImageObject","inLanguage":"es","@id":"https:\/\/eurotech.uy\/herramientas\/producto\/termometro-digital-higrometro-con-sonda\/#primaryimage","url":"https:\/\/eurotech.uy\/herramientas\/wp-content\/uploads\/2026\/03\/6925-01.jpg","contentUrl":"https:\/\/eurotech.uy\/herramientas\/wp-content\/uploads\/2026\/03\/6925-01.jpg","width":1080,"height":1080},{"@type":"BreadcrumbList","@id":"https:\/\/eurotech.uy\/herramientas\/producto\/termometro-digital-higrometro-con-sonda\/#breadcrumb","itemListElement":[{"@type":"ListItem","position":1,"name":"Portada","item":"https:\/\/eurotech.uy\/herramientas\/"},{"@type":"ListItem","position":2,"name":"new shop page","item":"https:\/\/eurotech.uy\/herramientas\/?page_id=6998"},{"@type":"ListItem","position":3,"name":"Term\u00f3metro digital + higr\u00f3metro &#8211; Con sonda"}]},{"@type":"WebSite","@id":"https:\/\/eurotech.uy\/herramientas\/#website","url":"https:\/\/eurotech.uy\/herramientas\/","name":"Eurotech Herramientas Uruguay","description":"Eurotech Herramientas","potentialAction":[{"@type":"SearchAction","target":{"@type":"EntryPoint","urlTemplate":"https:\/\/eurotech.uy\/herramientas\/?s={search_term_string}"},"query-input":{"@type":"PropertyValueSpecification","valueRequired":true,"valueName":"search_term_string"}}],"inLanguage":"es"}]}},"_links":{"self":[{"href":"https:\/\/eurotech.uy\/herramientas\/wp-json\/wp\/v2\/product\/13762","targetHints":{"allow":["GET"]}}],"collection":[{"href":"https:\/\/eurotech.uy\/herramientas\/wp-json\/wp\/v2\/product"}],"about":[{"href":"https:\/\/eurotech.uy\/herramientas\/wp-json\/wp\/v2\/types\/product"}],"wp:featuredmedia":[{"embeddable":true,"href":"https:\/\/eurotech.uy\/herramientas\/wp-json\/wp\/v2\/media\/13715"}],"wp:attachment":[{"href":"https:\/\/eurotech.uy\/herramientas\/wp-json\/wp\/v2\/media?parent=13762"}],"wp:term":[{"taxonomy":"product_brand","embeddable":true,"href":"https:\/\/eurotech.uy\/herramientas\/wp-json\/wp\/v2\/product_brand?post=13762"},{"taxonomy":"product_cat","embeddable":true,"href":"https:\/\/eurotech.uy\/herramientas\/wp-json\/wp\/v2\/product_cat?post=13762"},{"taxonomy":"product_tag","embeddable":true,"href":"https:\/\/eurotech.uy\/herramientas\/wp-json\/wp\/v2\/product_tag?post=13762"}],"curies":[{"name":"wp","href":"https:\/\/api.w.org\/{rel}","templated":true}]}}