{"id":13622,"date":"2026-02-12T13:38:10","date_gmt":"2026-02-12T16:38:10","guid":{"rendered":"https:\/\/eurotech.uy\/herramientas\/?post_type=product&#038;p=13622"},"modified":"2026-02-12T16:39:20","modified_gmt":"2026-02-12T19:39:20","slug":"orings-de-nbr-nitrilo-surtido-270-pzs-en-milimetros","status":"publish","type":"product","link":"https:\/\/eurotech.uy\/herramientas\/producto\/orings-de-nbr-nitrilo-surtido-270-pzs-en-milimetros\/","title":{"rendered":"Orings de NBR Nitrilo &#8211; surtido 270 pzs. &#8211; En mil\u00edmetros"},"content":{"rendered":"","protected":false},"excerpt":{"rendered":"<p><span data-sheets-root=\"1\">Contiene 270 Orings milim\u00e9tricos<br \/>\n&#8211; Material: NITRILO NBR<br \/>\n&#8211; Uso Industrial General<br \/>\n&#8211; Resisten bajas y altas temperaturas, tambi\u00e9n fluidos corrosivos<br \/>\n&#8211; Aplicaci\u00f3n: Refrigeraci\u00f3n &#8211; Hidr\u00e1ulica &#8211; Neum\u00e1tica &#8211; Mec\u00e1nica<\/span><\/p>\n<p>**VER DETALLE DE MEDIDAS EN FOTOS**<\/p>\n","protected":false},"featured_media":13577,"template":"","meta":[],"product_brand":[],"product_cat":[368],"product_tag":[],"class_list":{"0":"post-13622","1":"product","2":"type-product","3":"status-publish","4":"has-post-thumbnail","6":"product_cat-surtidos-de-fusibles-orings-chavetas-y-otros","8":"first","9":"instock","10":"featured","11":"shipping-taxable","12":"product-type-simple"},"yoast_head":"<!-- This site is optimized with the Yoast SEO plugin v25.3 - https:\/\/yoast.com\/wordpress\/plugins\/seo\/ -->\n<title>Orings de NBR Nitrilo - surtido 270 pzs. - En mil\u00edmetros - Eurotech Herramientas Uruguay<\/title>\n<meta name=\"robots\" content=\"index, follow, max-snippet:-1, max-image-preview:large, max-video-preview:-1\" \/>\n<link rel=\"canonical\" href=\"https:\/\/eurotech.uy\/herramientas\/producto\/orings-de-nbr-nitrilo-surtido-270-pzs-en-milimetros\/\" \/>\n<meta property=\"og:locale\" content=\"es_ES\" \/>\n<meta property=\"og:type\" content=\"article\" \/>\n<meta property=\"og:title\" content=\"Orings de NBR Nitrilo - surtido 270 pzs. - En mil\u00edmetros - Eurotech Herramientas Uruguay\" \/>\n<meta property=\"og:description\" content=\"Contiene 270 Orings milim\u00e9tricos - Material: NITRILO NBR - Uso Industrial General - Resisten bajas y altas temperaturas, tambi\u00e9n fluidos corrosivos - Aplicaci\u00f3n: Refrigeraci\u00f3n - Hidr\u00e1ulica - Neum\u00e1tica - Mec\u00e1nica  **VER DETALLE DE MEDIDAS EN FOTOS**\" \/>\n<meta property=\"og:url\" content=\"https:\/\/eurotech.uy\/herramientas\/producto\/orings-de-nbr-nitrilo-surtido-270-pzs-en-milimetros\/\" \/>\n<meta property=\"og:site_name\" content=\"Eurotech Herramientas Uruguay\" \/>\n<meta property=\"article:modified_time\" content=\"2026-02-12T19:39:20+00:00\" \/>\n<meta property=\"og:image\" content=\"https:\/\/eurotech.uy\/herramientas\/wp-content\/uploads\/2026\/02\/5077-1.jpg\" \/>\n\t<meta property=\"og:image:width\" content=\"1080\" \/>\n\t<meta property=\"og:image:height\" content=\"1080\" \/>\n\t<meta property=\"og:image:type\" content=\"image\/jpeg\" \/>\n<meta name=\"twitter:card\" content=\"summary_large_image\" \/>\n<meta name=\"twitter:label1\" content=\"Tiempo de lectura\" \/>\n\t<meta name=\"twitter:data1\" content=\"1 minuto\" \/>\n<script type=\"application\/ld+json\" class=\"yoast-schema-graph\">{\"@context\":\"https:\/\/schema.org\",\"@graph\":[{\"@type\":\"WebPage\",\"@id\":\"https:\/\/eurotech.uy\/herramientas\/producto\/orings-de-nbr-nitrilo-surtido-270-pzs-en-milimetros\/\",\"url\":\"https:\/\/eurotech.uy\/herramientas\/producto\/orings-de-nbr-nitrilo-surtido-270-pzs-en-milimetros\/\",\"name\":\"Orings de NBR Nitrilo - surtido 270 pzs. - En mil\u00edmetros - Eurotech Herramientas Uruguay\",\"isPartOf\":{\"@id\":\"https:\/\/eurotech.uy\/herramientas\/#website\"},\"primaryImageOfPage\":{\"@id\":\"https:\/\/eurotech.uy\/herramientas\/producto\/orings-de-nbr-nitrilo-surtido-270-pzs-en-milimetros\/#primaryimage\"},\"image\":{\"@id\":\"https:\/\/eurotech.uy\/herramientas\/producto\/orings-de-nbr-nitrilo-surtido-270-pzs-en-milimetros\/#primaryimage\"},\"thumbnailUrl\":\"https:\/\/eurotech.uy\/herramientas\/wp-content\/uploads\/2026\/02\/5077-1.jpg\",\"datePublished\":\"2026-02-12T16:38:10+00:00\",\"dateModified\":\"2026-02-12T19:39:20+00:00\",\"breadcrumb\":{\"@id\":\"https:\/\/eurotech.uy\/herramientas\/producto\/orings-de-nbr-nitrilo-surtido-270-pzs-en-milimetros\/#breadcrumb\"},\"inLanguage\":\"es\",\"potentialAction\":[{\"@type\":\"ReadAction\",\"target\":[\"https:\/\/eurotech.uy\/herramientas\/producto\/orings-de-nbr-nitrilo-surtido-270-pzs-en-milimetros\/\"]}]},{\"@type\":\"ImageObject\",\"inLanguage\":\"es\",\"@id\":\"https:\/\/eurotech.uy\/herramientas\/producto\/orings-de-nbr-nitrilo-surtido-270-pzs-en-milimetros\/#primaryimage\",\"url\":\"https:\/\/eurotech.uy\/herramientas\/wp-content\/uploads\/2026\/02\/5077-1.jpg\",\"contentUrl\":\"https:\/\/eurotech.uy\/herramientas\/wp-content\/uploads\/2026\/02\/5077-1.jpg\",\"width\":1080,\"height\":1080},{\"@type\":\"BreadcrumbList\",\"@id\":\"https:\/\/eurotech.uy\/herramientas\/producto\/orings-de-nbr-nitrilo-surtido-270-pzs-en-milimetros\/#breadcrumb\",\"itemListElement\":[{\"@type\":\"ListItem\",\"position\":1,\"name\":\"Portada\",\"item\":\"https:\/\/eurotech.uy\/herramientas\/\"},{\"@type\":\"ListItem\",\"position\":2,\"name\":\"new shop page\",\"item\":\"https:\/\/eurotech.uy\/herramientas\/?page_id=6998\"},{\"@type\":\"ListItem\",\"position\":3,\"name\":\"Orings de NBR Nitrilo &#8211; surtido 270 pzs. &#8211; En mil\u00edmetros\"}]},{\"@type\":\"WebSite\",\"@id\":\"https:\/\/eurotech.uy\/herramientas\/#website\",\"url\":\"https:\/\/eurotech.uy\/herramientas\/\",\"name\":\"Eurotech Herramientas Uruguay\",\"description\":\"Eurotech Herramientas\",\"potentialAction\":[{\"@type\":\"SearchAction\",\"target\":{\"@type\":\"EntryPoint\",\"urlTemplate\":\"https:\/\/eurotech.uy\/herramientas\/?s={search_term_string}\"},\"query-input\":{\"@type\":\"PropertyValueSpecification\",\"valueRequired\":true,\"valueName\":\"search_term_string\"}}],\"inLanguage\":\"es\"}]}<\/script>\n<!-- \/ Yoast SEO plugin. -->","yoast_head_json":{"title":"Orings de NBR Nitrilo - surtido 270 pzs. - En mil\u00edmetros - Eurotech Herramientas Uruguay","robots":{"index":"index","follow":"follow","max-snippet":"max-snippet:-1","max-image-preview":"max-image-preview:large","max-video-preview":"max-video-preview:-1"},"canonical":"https:\/\/eurotech.uy\/herramientas\/producto\/orings-de-nbr-nitrilo-surtido-270-pzs-en-milimetros\/","og_locale":"es_ES","og_type":"article","og_title":"Orings de NBR Nitrilo - surtido 270 pzs. - En mil\u00edmetros - Eurotech Herramientas Uruguay","og_description":"Contiene 270 Orings milim\u00e9tricos - Material: NITRILO NBR - Uso Industrial General - Resisten bajas y altas temperaturas, tambi\u00e9n fluidos corrosivos - Aplicaci\u00f3n: Refrigeraci\u00f3n - Hidr\u00e1ulica - Neum\u00e1tica - Mec\u00e1nica  **VER DETALLE DE MEDIDAS EN FOTOS**","og_url":"https:\/\/eurotech.uy\/herramientas\/producto\/orings-de-nbr-nitrilo-surtido-270-pzs-en-milimetros\/","og_site_name":"Eurotech Herramientas Uruguay","article_modified_time":"2026-02-12T19:39:20+00:00","og_image":[{"width":1080,"height":1080,"url":"https:\/\/eurotech.uy\/herramientas\/wp-content\/uploads\/2026\/02\/5077-1.jpg","type":"image\/jpeg"}],"twitter_card":"summary_large_image","twitter_misc":{"Tiempo de lectura":"1 minuto"},"schema":{"@context":"https:\/\/schema.org","@graph":[{"@type":"WebPage","@id":"https:\/\/eurotech.uy\/herramientas\/producto\/orings-de-nbr-nitrilo-surtido-270-pzs-en-milimetros\/","url":"https:\/\/eurotech.uy\/herramientas\/producto\/orings-de-nbr-nitrilo-surtido-270-pzs-en-milimetros\/","name":"Orings de NBR Nitrilo - surtido 270 pzs. - En mil\u00edmetros - Eurotech Herramientas Uruguay","isPartOf":{"@id":"https:\/\/eurotech.uy\/herramientas\/#website"},"primaryImageOfPage":{"@id":"https:\/\/eurotech.uy\/herramientas\/producto\/orings-de-nbr-nitrilo-surtido-270-pzs-en-milimetros\/#primaryimage"},"image":{"@id":"https:\/\/eurotech.uy\/herramientas\/producto\/orings-de-nbr-nitrilo-surtido-270-pzs-en-milimetros\/#primaryimage"},"thumbnailUrl":"https:\/\/eurotech.uy\/herramientas\/wp-content\/uploads\/2026\/02\/5077-1.jpg","datePublished":"2026-02-12T16:38:10+00:00","dateModified":"2026-02-12T19:39:20+00:00","breadcrumb":{"@id":"https:\/\/eurotech.uy\/herramientas\/producto\/orings-de-nbr-nitrilo-surtido-270-pzs-en-milimetros\/#breadcrumb"},"inLanguage":"es","potentialAction":[{"@type":"ReadAction","target":["https:\/\/eurotech.uy\/herramientas\/producto\/orings-de-nbr-nitrilo-surtido-270-pzs-en-milimetros\/"]}]},{"@type":"ImageObject","inLanguage":"es","@id":"https:\/\/eurotech.uy\/herramientas\/producto\/orings-de-nbr-nitrilo-surtido-270-pzs-en-milimetros\/#primaryimage","url":"https:\/\/eurotech.uy\/herramientas\/wp-content\/uploads\/2026\/02\/5077-1.jpg","contentUrl":"https:\/\/eurotech.uy\/herramientas\/wp-content\/uploads\/2026\/02\/5077-1.jpg","width":1080,"height":1080},{"@type":"BreadcrumbList","@id":"https:\/\/eurotech.uy\/herramientas\/producto\/orings-de-nbr-nitrilo-surtido-270-pzs-en-milimetros\/#breadcrumb","itemListElement":[{"@type":"ListItem","position":1,"name":"Portada","item":"https:\/\/eurotech.uy\/herramientas\/"},{"@type":"ListItem","position":2,"name":"new shop page","item":"https:\/\/eurotech.uy\/herramientas\/?page_id=6998"},{"@type":"ListItem","position":3,"name":"Orings de NBR Nitrilo &#8211; surtido 270 pzs. &#8211; En mil\u00edmetros"}]},{"@type":"WebSite","@id":"https:\/\/eurotech.uy\/herramientas\/#website","url":"https:\/\/eurotech.uy\/herramientas\/","name":"Eurotech Herramientas Uruguay","description":"Eurotech Herramientas","potentialAction":[{"@type":"SearchAction","target":{"@type":"EntryPoint","urlTemplate":"https:\/\/eurotech.uy\/herramientas\/?s={search_term_string}"},"query-input":{"@type":"PropertyValueSpecification","valueRequired":true,"valueName":"search_term_string"}}],"inLanguage":"es"}]}},"_links":{"self":[{"href":"https:\/\/eurotech.uy\/herramientas\/wp-json\/wp\/v2\/product\/13622","targetHints":{"allow":["GET"]}}],"collection":[{"href":"https:\/\/eurotech.uy\/herramientas\/wp-json\/wp\/v2\/product"}],"about":[{"href":"https:\/\/eurotech.uy\/herramientas\/wp-json\/wp\/v2\/types\/product"}],"wp:featuredmedia":[{"embeddable":true,"href":"https:\/\/eurotech.uy\/herramientas\/wp-json\/wp\/v2\/media\/13577"}],"wp:attachment":[{"href":"https:\/\/eurotech.uy\/herramientas\/wp-json\/wp\/v2\/media?parent=13622"}],"wp:term":[{"taxonomy":"product_brand","embeddable":true,"href":"https:\/\/eurotech.uy\/herramientas\/wp-json\/wp\/v2\/product_brand?post=13622"},{"taxonomy":"product_cat","embeddable":true,"href":"https:\/\/eurotech.uy\/herramientas\/wp-json\/wp\/v2\/product_cat?post=13622"},{"taxonomy":"product_tag","embeddable":true,"href":"https:\/\/eurotech.uy\/herramientas\/wp-json\/wp\/v2\/product_tag?post=13622"}],"curies":[{"name":"wp","href":"https:\/\/api.w.org\/{rel}","templated":true}]}}