{"id":13522,"date":"2026-01-10T11:50:14","date_gmt":"2026-01-10T14:50:14","guid":{"rendered":"https:\/\/eurotech.uy\/herramientas\/?post_type=product&#038;p=13522"},"modified":"2026-01-10T12:24:41","modified_gmt":"2026-01-10T15:24:41","slug":"kit-extractor-precap-y-bieleta-de-direccion","status":"publish","type":"product","link":"https:\/\/eurotech.uy\/herramientas\/producto\/kit-extractor-precap-y-bieleta-de-direccion\/","title":{"rendered":"Kit extractor precap y bieleta de direcci\u00f3n"},"content":{"rendered":"","protected":false},"excerpt":{"rendered":"<p><span data-sheets-root=\"1\">Dise\u00f1ado para extraer y colocar la varilla interior sin quitar la cremallera y el pi\u00f1\u00f3n<br \/>\nIncluye:<br \/>\n&#8211; 6 adaptadores tipo pata de gallo (m\u00e9tricos): 29 &#8211; 32.5 &#8211; 33.6 &#8211; 38.4 &#8211; 40 -42 mm<br \/>\n&#8211; 6 adaptadores tipo pata de gallo (SAE): 1 3\/16&#8243; &#8211; 1 1\/4&#8243; &#8211; 1 5\/16&#8243; &#8211; 1 3\/8&#8243; &#8211; 1 7\/16&#8243; &#8211; 1 1\/2&#8243;<br \/>\n&#8211; Tubo de transmisi\u00f3n de 1\/2&#8243;<\/p>\n<p>Compatible con la mayor\u00eda de autos, camionetas y veh\u00edculos todoterreno<\/span><\/p>\n","protected":false},"featured_media":13480,"template":"","meta":[],"product_brand":[],"product_cat":[431],"product_tag":[],"class_list":{"0":"post-13522","1":"product","2":"type-product","3":"status-publish","4":"has-post-thumbnail","6":"product_cat-herramientas-especiales","8":"first","9":"instock","10":"featured","11":"shipping-taxable","12":"product-type-simple"},"yoast_head":"<!-- This site is optimized with the Yoast SEO plugin v25.3 - https:\/\/yoast.com\/wordpress\/plugins\/seo\/ -->\n<title>Kit extractor precap y bieleta de direcci\u00f3n - Eurotech Herramientas Uruguay<\/title>\n<meta name=\"robots\" content=\"index, follow, max-snippet:-1, max-image-preview:large, max-video-preview:-1\" \/>\n<link rel=\"canonical\" href=\"https:\/\/eurotech.uy\/herramientas\/producto\/kit-extractor-precap-y-bieleta-de-direccion\/\" \/>\n<meta property=\"og:locale\" content=\"es_ES\" \/>\n<meta property=\"og:type\" content=\"article\" \/>\n<meta property=\"og:title\" content=\"Kit extractor precap y bieleta de direcci\u00f3n - Eurotech Herramientas Uruguay\" \/>\n<meta property=\"og:description\" content=\"Dise\u00f1ado para extraer y colocar la varilla interior sin quitar la cremallera y el pi\u00f1\u00f3n Incluye: - 6 adaptadores tipo pata de gallo (m\u00e9tricos): 29 - 32.5 - 33.6 - 38.4 - 40 -42 mm - 6 adaptadores tipo pata de gallo (SAE): 1 3\/16&quot; - 1 1\/4&quot; - 1 5\/16&quot; - 1 3\/8&quot; - 1 7\/16&quot; - 1 1\/2&quot; - Tubo de transmisi\u00f3n de 1\/2&quot;  Compatible con la mayor\u00eda de autos, camionetas y veh\u00edculos todoterreno\" \/>\n<meta property=\"og:url\" content=\"https:\/\/eurotech.uy\/herramientas\/producto\/kit-extractor-precap-y-bieleta-de-direccion\/\" \/>\n<meta property=\"og:site_name\" content=\"Eurotech Herramientas Uruguay\" \/>\n<meta property=\"article:modified_time\" content=\"2026-01-10T15:24:41+00:00\" \/>\n<meta property=\"og:image\" content=\"https:\/\/eurotech.uy\/herramientas\/wp-content\/uploads\/2026\/01\/6849-portada-2.jpg\" \/>\n\t<meta property=\"og:image:width\" content=\"1080\" \/>\n\t<meta property=\"og:image:height\" content=\"1080\" \/>\n\t<meta property=\"og:image:type\" content=\"image\/jpeg\" \/>\n<meta name=\"twitter:card\" content=\"summary_large_image\" \/>\n<meta name=\"twitter:label1\" content=\"Tiempo de lectura\" \/>\n\t<meta name=\"twitter:data1\" content=\"1 minuto\" \/>\n<script type=\"application\/ld+json\" class=\"yoast-schema-graph\">{\"@context\":\"https:\/\/schema.org\",\"@graph\":[{\"@type\":\"WebPage\",\"@id\":\"https:\/\/eurotech.uy\/herramientas\/producto\/kit-extractor-precap-y-bieleta-de-direccion\/\",\"url\":\"https:\/\/eurotech.uy\/herramientas\/producto\/kit-extractor-precap-y-bieleta-de-direccion\/\",\"name\":\"Kit extractor precap y bieleta de direcci\u00f3n - Eurotech Herramientas Uruguay\",\"isPartOf\":{\"@id\":\"https:\/\/eurotech.uy\/herramientas\/#website\"},\"primaryImageOfPage\":{\"@id\":\"https:\/\/eurotech.uy\/herramientas\/producto\/kit-extractor-precap-y-bieleta-de-direccion\/#primaryimage\"},\"image\":{\"@id\":\"https:\/\/eurotech.uy\/herramientas\/producto\/kit-extractor-precap-y-bieleta-de-direccion\/#primaryimage\"},\"thumbnailUrl\":\"https:\/\/eurotech.uy\/herramientas\/wp-content\/uploads\/2026\/01\/6849-portada-2.jpg\",\"datePublished\":\"2026-01-10T14:50:14+00:00\",\"dateModified\":\"2026-01-10T15:24:41+00:00\",\"breadcrumb\":{\"@id\":\"https:\/\/eurotech.uy\/herramientas\/producto\/kit-extractor-precap-y-bieleta-de-direccion\/#breadcrumb\"},\"inLanguage\":\"es\",\"potentialAction\":[{\"@type\":\"ReadAction\",\"target\":[\"https:\/\/eurotech.uy\/herramientas\/producto\/kit-extractor-precap-y-bieleta-de-direccion\/\"]}]},{\"@type\":\"ImageObject\",\"inLanguage\":\"es\",\"@id\":\"https:\/\/eurotech.uy\/herramientas\/producto\/kit-extractor-precap-y-bieleta-de-direccion\/#primaryimage\",\"url\":\"https:\/\/eurotech.uy\/herramientas\/wp-content\/uploads\/2026\/01\/6849-portada-2.jpg\",\"contentUrl\":\"https:\/\/eurotech.uy\/herramientas\/wp-content\/uploads\/2026\/01\/6849-portada-2.jpg\",\"width\":1080,\"height\":1080},{\"@type\":\"BreadcrumbList\",\"@id\":\"https:\/\/eurotech.uy\/herramientas\/producto\/kit-extractor-precap-y-bieleta-de-direccion\/#breadcrumb\",\"itemListElement\":[{\"@type\":\"ListItem\",\"position\":1,\"name\":\"Portada\",\"item\":\"https:\/\/eurotech.uy\/herramientas\/\"},{\"@type\":\"ListItem\",\"position\":2,\"name\":\"new shop page\",\"item\":\"https:\/\/eurotech.uy\/herramientas\/?page_id=6998\"},{\"@type\":\"ListItem\",\"position\":3,\"name\":\"Kit extractor precap y bieleta de direcci\u00f3n\"}]},{\"@type\":\"WebSite\",\"@id\":\"https:\/\/eurotech.uy\/herramientas\/#website\",\"url\":\"https:\/\/eurotech.uy\/herramientas\/\",\"name\":\"Eurotech Herramientas Uruguay\",\"description\":\"Eurotech Herramientas\",\"potentialAction\":[{\"@type\":\"SearchAction\",\"target\":{\"@type\":\"EntryPoint\",\"urlTemplate\":\"https:\/\/eurotech.uy\/herramientas\/?s={search_term_string}\"},\"query-input\":{\"@type\":\"PropertyValueSpecification\",\"valueRequired\":true,\"valueName\":\"search_term_string\"}}],\"inLanguage\":\"es\"}]}<\/script>\n<!-- \/ Yoast SEO plugin. -->","yoast_head_json":{"title":"Kit extractor precap y bieleta de direcci\u00f3n - Eurotech Herramientas Uruguay","robots":{"index":"index","follow":"follow","max-snippet":"max-snippet:-1","max-image-preview":"max-image-preview:large","max-video-preview":"max-video-preview:-1"},"canonical":"https:\/\/eurotech.uy\/herramientas\/producto\/kit-extractor-precap-y-bieleta-de-direccion\/","og_locale":"es_ES","og_type":"article","og_title":"Kit extractor precap y bieleta de direcci\u00f3n - Eurotech Herramientas Uruguay","og_description":"Dise\u00f1ado para extraer y colocar la varilla interior sin quitar la cremallera y el pi\u00f1\u00f3n Incluye: - 6 adaptadores tipo pata de gallo (m\u00e9tricos): 29 - 32.5 - 33.6 - 38.4 - 40 -42 mm - 6 adaptadores tipo pata de gallo (SAE): 1 3\/16\" - 1 1\/4\" - 1 5\/16\" - 1 3\/8\" - 1 7\/16\" - 1 1\/2\" - Tubo de transmisi\u00f3n de 1\/2\"  Compatible con la mayor\u00eda de autos, camionetas y veh\u00edculos todoterreno","og_url":"https:\/\/eurotech.uy\/herramientas\/producto\/kit-extractor-precap-y-bieleta-de-direccion\/","og_site_name":"Eurotech Herramientas Uruguay","article_modified_time":"2026-01-10T15:24:41+00:00","og_image":[{"width":1080,"height":1080,"url":"https:\/\/eurotech.uy\/herramientas\/wp-content\/uploads\/2026\/01\/6849-portada-2.jpg","type":"image\/jpeg"}],"twitter_card":"summary_large_image","twitter_misc":{"Tiempo de lectura":"1 minuto"},"schema":{"@context":"https:\/\/schema.org","@graph":[{"@type":"WebPage","@id":"https:\/\/eurotech.uy\/herramientas\/producto\/kit-extractor-precap-y-bieleta-de-direccion\/","url":"https:\/\/eurotech.uy\/herramientas\/producto\/kit-extractor-precap-y-bieleta-de-direccion\/","name":"Kit extractor precap y bieleta de direcci\u00f3n - Eurotech Herramientas Uruguay","isPartOf":{"@id":"https:\/\/eurotech.uy\/herramientas\/#website"},"primaryImageOfPage":{"@id":"https:\/\/eurotech.uy\/herramientas\/producto\/kit-extractor-precap-y-bieleta-de-direccion\/#primaryimage"},"image":{"@id":"https:\/\/eurotech.uy\/herramientas\/producto\/kit-extractor-precap-y-bieleta-de-direccion\/#primaryimage"},"thumbnailUrl":"https:\/\/eurotech.uy\/herramientas\/wp-content\/uploads\/2026\/01\/6849-portada-2.jpg","datePublished":"2026-01-10T14:50:14+00:00","dateModified":"2026-01-10T15:24:41+00:00","breadcrumb":{"@id":"https:\/\/eurotech.uy\/herramientas\/producto\/kit-extractor-precap-y-bieleta-de-direccion\/#breadcrumb"},"inLanguage":"es","potentialAction":[{"@type":"ReadAction","target":["https:\/\/eurotech.uy\/herramientas\/producto\/kit-extractor-precap-y-bieleta-de-direccion\/"]}]},{"@type":"ImageObject","inLanguage":"es","@id":"https:\/\/eurotech.uy\/herramientas\/producto\/kit-extractor-precap-y-bieleta-de-direccion\/#primaryimage","url":"https:\/\/eurotech.uy\/herramientas\/wp-content\/uploads\/2026\/01\/6849-portada-2.jpg","contentUrl":"https:\/\/eurotech.uy\/herramientas\/wp-content\/uploads\/2026\/01\/6849-portada-2.jpg","width":1080,"height":1080},{"@type":"BreadcrumbList","@id":"https:\/\/eurotech.uy\/herramientas\/producto\/kit-extractor-precap-y-bieleta-de-direccion\/#breadcrumb","itemListElement":[{"@type":"ListItem","position":1,"name":"Portada","item":"https:\/\/eurotech.uy\/herramientas\/"},{"@type":"ListItem","position":2,"name":"new shop page","item":"https:\/\/eurotech.uy\/herramientas\/?page_id=6998"},{"@type":"ListItem","position":3,"name":"Kit extractor precap y bieleta de direcci\u00f3n"}]},{"@type":"WebSite","@id":"https:\/\/eurotech.uy\/herramientas\/#website","url":"https:\/\/eurotech.uy\/herramientas\/","name":"Eurotech Herramientas Uruguay","description":"Eurotech Herramientas","potentialAction":[{"@type":"SearchAction","target":{"@type":"EntryPoint","urlTemplate":"https:\/\/eurotech.uy\/herramientas\/?s={search_term_string}"},"query-input":{"@type":"PropertyValueSpecification","valueRequired":true,"valueName":"search_term_string"}}],"inLanguage":"es"}]}},"_links":{"self":[{"href":"https:\/\/eurotech.uy\/herramientas\/wp-json\/wp\/v2\/product\/13522","targetHints":{"allow":["GET"]}}],"collection":[{"href":"https:\/\/eurotech.uy\/herramientas\/wp-json\/wp\/v2\/product"}],"about":[{"href":"https:\/\/eurotech.uy\/herramientas\/wp-json\/wp\/v2\/types\/product"}],"wp:featuredmedia":[{"embeddable":true,"href":"https:\/\/eurotech.uy\/herramientas\/wp-json\/wp\/v2\/media\/13480"}],"wp:attachment":[{"href":"https:\/\/eurotech.uy\/herramientas\/wp-json\/wp\/v2\/media?parent=13522"}],"wp:term":[{"taxonomy":"product_brand","embeddable":true,"href":"https:\/\/eurotech.uy\/herramientas\/wp-json\/wp\/v2\/product_brand?post=13522"},{"taxonomy":"product_cat","embeddable":true,"href":"https:\/\/eurotech.uy\/herramientas\/wp-json\/wp\/v2\/product_cat?post=13522"},{"taxonomy":"product_tag","embeddable":true,"href":"https:\/\/eurotech.uy\/herramientas\/wp-json\/wp\/v2\/product_tag?post=13522"}],"curies":[{"name":"wp","href":"https:\/\/api.w.org\/{rel}","templated":true}]}}