{"id":13281,"date":"2025-09-30T12:43:46","date_gmt":"2025-09-30T15:43:46","guid":{"rendered":"https:\/\/eurotech.uy\/herramientas\/?post_type=product&#038;p=13281"},"modified":"2026-01-07T16:24:47","modified_gmt":"2026-01-07T19:24:47","slug":"torquimetro-digital-1000-nm-enc-3-4-con-sonido","status":"publish","type":"product","link":"https:\/\/eurotech.uy\/herramientas\/producto\/torquimetro-digital-1000-nm-enc-3-4-con-sonido\/","title":{"rendered":"Torqu\u00edmetro digital 1000 Nm | Enc 3\/4&#8243; &#8211; Con sonido"},"content":{"rendered":"","protected":false},"excerpt":{"rendered":"<p><span data-sheets-root=\"1\">Torqu\u00edmetro digital de gran versatilidad: puede utilizarse con cualquier elemento de accionamiento con encastre de 3\/4&#8243;, como una llave crique reversible convencional.<br \/>\n&#8211; Pantalla LCD iluminada<br \/>\n&#8211; Modo de visualizaci\u00f3n: Track (visualizaci\u00f3n continua) y Peak (detecci\u00f3n de valor m\u00e1ximo)<br \/>\n&#8211; El alcance del torque deseado se indica mediante una se\u00f1al ac\u00fastica (alarma) y visual (LED verde\/rojo)<br \/>\n&#8211; Incluye certificado de calibraci\u00f3n trazable<br \/>\nEspecificaciones:<br \/>\n&#8211; Encastre de entrada: 3\/4&#8243;<br \/>\n&#8211; Encastre de salida: 3\/4&#8243;<br \/>\n&#8211; Rango de torque: 15 a 1000 Nm (11.1 a 738.2 ft-lb)<br \/>\n&#8211; Unidades de medida: Nm \/ ft-lb \/ in-lb \/ kg-cm<br \/>\n&#8211; Resoluci\u00f3n: 0.1 Nm<br \/>\n&#8211; Precisi\u00f3n: \u00b11 %<br \/>\n&#8211; Capacidad de almacenamiento: 500 registros (10 valores preestablecidos)<br \/>\n&#8211; Temperatura de funcionamiento: -10\u00baC a 60\u00baC<br \/>\n&#8211; Bater\u00edas: 1.5V AAA (x 2, incluidas)<\/span><\/p>\n","protected":false},"featured_media":13231,"template":"","meta":[],"product_brand":[],"product_cat":[413],"product_tag":[524],"class_list":{"0":"post-13281","1":"product","2":"type-product","3":"status-publish","4":"has-post-thumbnail","6":"product_cat-torquimetros","7":"product_tag-torcometro","9":"first","10":"instock","11":"shipping-taxable","12":"product-type-simple"},"yoast_head":"<!-- This site is optimized with the Yoast SEO plugin v25.3 - https:\/\/yoast.com\/wordpress\/plugins\/seo\/ -->\n<title>Torqu\u00edmetro digital 1000 Nm | Enc 3\/4&quot; - Con sonido - Eurotech Herramientas Uruguay<\/title>\n<meta name=\"robots\" content=\"index, follow, max-snippet:-1, max-image-preview:large, max-video-preview:-1\" \/>\n<link rel=\"canonical\" href=\"https:\/\/eurotech.uy\/herramientas\/producto\/torquimetro-digital-1000-nm-enc-3-4-con-sonido\/\" \/>\n<meta property=\"og:locale\" content=\"es_ES\" \/>\n<meta property=\"og:type\" content=\"article\" \/>\n<meta property=\"og:title\" content=\"Torqu\u00edmetro digital 1000 Nm | Enc 3\/4&quot; - Con sonido - Eurotech Herramientas Uruguay\" \/>\n<meta property=\"og:description\" content=\"Torqu\u00edmetro digital de gran versatilidad: puede utilizarse con cualquier elemento de accionamiento con encastre de 3\/4&quot;, como una llave crique reversible convencional. - Pantalla LCD iluminada - Modo de visualizaci\u00f3n: Track (visualizaci\u00f3n continua) y Peak (detecci\u00f3n de valor m\u00e1ximo) - El alcance del torque deseado se indica mediante una se\u00f1al ac\u00fastica (alarma) y visual (LED verde\/rojo) - Incluye certificado de calibraci\u00f3n trazable Especificaciones: - Encastre de entrada: 3\/4&quot; - Encastre de salida: 3\/4&quot; - Rango de torque: 15 a 1000 Nm (11.1 a 738.2 ft-lb) - Unidades de medida: Nm \/ ft-lb \/ in-lb \/ kg-cm - Resoluci\u00f3n: 0.1 Nm - Precisi\u00f3n: \u00b11 % - Capacidad de almacenamiento: 500 registros (10 valores preestablecidos) - Temperatura de funcionamiento: -10\u00baC a 60\u00baC - Bater\u00edas: 1.5V AAA (x 2, incluidas)\" \/>\n<meta property=\"og:url\" content=\"https:\/\/eurotech.uy\/herramientas\/producto\/torquimetro-digital-1000-nm-enc-3-4-con-sonido\/\" \/>\n<meta property=\"og:site_name\" content=\"Eurotech Herramientas Uruguay\" \/>\n<meta property=\"article:modified_time\" content=\"2026-01-07T19:24:47+00:00\" \/>\n<meta property=\"og:image\" content=\"https:\/\/eurotech.uy\/herramientas\/wp-content\/uploads\/2025\/09\/5532-1.jpg\" \/>\n\t<meta property=\"og:image:width\" content=\"1080\" \/>\n\t<meta property=\"og:image:height\" content=\"1080\" \/>\n\t<meta property=\"og:image:type\" content=\"image\/jpeg\" \/>\n<meta name=\"twitter:card\" content=\"summary_large_image\" \/>\n<meta name=\"twitter:label1\" content=\"Tiempo de lectura\" \/>\n\t<meta name=\"twitter:data1\" content=\"1 minuto\" \/>\n<script type=\"application\/ld+json\" class=\"yoast-schema-graph\">{\"@context\":\"https:\/\/schema.org\",\"@graph\":[{\"@type\":\"WebPage\",\"@id\":\"https:\/\/eurotech.uy\/herramientas\/producto\/torquimetro-digital-1000-nm-enc-3-4-con-sonido\/\",\"url\":\"https:\/\/eurotech.uy\/herramientas\/producto\/torquimetro-digital-1000-nm-enc-3-4-con-sonido\/\",\"name\":\"Torqu\u00edmetro digital 1000 Nm | Enc 3\/4\\\" - Con sonido - Eurotech Herramientas Uruguay\",\"isPartOf\":{\"@id\":\"https:\/\/eurotech.uy\/herramientas\/#website\"},\"primaryImageOfPage\":{\"@id\":\"https:\/\/eurotech.uy\/herramientas\/producto\/torquimetro-digital-1000-nm-enc-3-4-con-sonido\/#primaryimage\"},\"image\":{\"@id\":\"https:\/\/eurotech.uy\/herramientas\/producto\/torquimetro-digital-1000-nm-enc-3-4-con-sonido\/#primaryimage\"},\"thumbnailUrl\":\"https:\/\/eurotech.uy\/herramientas\/wp-content\/uploads\/2025\/09\/5532-1.jpg\",\"datePublished\":\"2025-09-30T15:43:46+00:00\",\"dateModified\":\"2026-01-07T19:24:47+00:00\",\"breadcrumb\":{\"@id\":\"https:\/\/eurotech.uy\/herramientas\/producto\/torquimetro-digital-1000-nm-enc-3-4-con-sonido\/#breadcrumb\"},\"inLanguage\":\"es\",\"potentialAction\":[{\"@type\":\"ReadAction\",\"target\":[\"https:\/\/eurotech.uy\/herramientas\/producto\/torquimetro-digital-1000-nm-enc-3-4-con-sonido\/\"]}]},{\"@type\":\"ImageObject\",\"inLanguage\":\"es\",\"@id\":\"https:\/\/eurotech.uy\/herramientas\/producto\/torquimetro-digital-1000-nm-enc-3-4-con-sonido\/#primaryimage\",\"url\":\"https:\/\/eurotech.uy\/herramientas\/wp-content\/uploads\/2025\/09\/5532-1.jpg\",\"contentUrl\":\"https:\/\/eurotech.uy\/herramientas\/wp-content\/uploads\/2025\/09\/5532-1.jpg\",\"width\":1080,\"height\":1080},{\"@type\":\"BreadcrumbList\",\"@id\":\"https:\/\/eurotech.uy\/herramientas\/producto\/torquimetro-digital-1000-nm-enc-3-4-con-sonido\/#breadcrumb\",\"itemListElement\":[{\"@type\":\"ListItem\",\"position\":1,\"name\":\"Portada\",\"item\":\"https:\/\/eurotech.uy\/herramientas\/\"},{\"@type\":\"ListItem\",\"position\":2,\"name\":\"new shop page\",\"item\":\"https:\/\/eurotech.uy\/herramientas\/?page_id=6998\"},{\"@type\":\"ListItem\",\"position\":3,\"name\":\"Torqu\u00edmetro digital 1000 Nm | Enc 3\/4&#8243; &#8211; Con sonido\"}]},{\"@type\":\"WebSite\",\"@id\":\"https:\/\/eurotech.uy\/herramientas\/#website\",\"url\":\"https:\/\/eurotech.uy\/herramientas\/\",\"name\":\"Eurotech Herramientas Uruguay\",\"description\":\"Eurotech Herramientas\",\"potentialAction\":[{\"@type\":\"SearchAction\",\"target\":{\"@type\":\"EntryPoint\",\"urlTemplate\":\"https:\/\/eurotech.uy\/herramientas\/?s={search_term_string}\"},\"query-input\":{\"@type\":\"PropertyValueSpecification\",\"valueRequired\":true,\"valueName\":\"search_term_string\"}}],\"inLanguage\":\"es\"}]}<\/script>\n<!-- \/ Yoast SEO plugin. -->","yoast_head_json":{"title":"Torqu\u00edmetro digital 1000 Nm | Enc 3\/4\" - Con sonido - Eurotech Herramientas Uruguay","robots":{"index":"index","follow":"follow","max-snippet":"max-snippet:-1","max-image-preview":"max-image-preview:large","max-video-preview":"max-video-preview:-1"},"canonical":"https:\/\/eurotech.uy\/herramientas\/producto\/torquimetro-digital-1000-nm-enc-3-4-con-sonido\/","og_locale":"es_ES","og_type":"article","og_title":"Torqu\u00edmetro digital 1000 Nm | Enc 3\/4\" - Con sonido - Eurotech Herramientas Uruguay","og_description":"Torqu\u00edmetro digital de gran versatilidad: puede utilizarse con cualquier elemento de accionamiento con encastre de 3\/4\", como una llave crique reversible convencional. - Pantalla LCD iluminada - Modo de visualizaci\u00f3n: Track (visualizaci\u00f3n continua) y Peak (detecci\u00f3n de valor m\u00e1ximo) - El alcance del torque deseado se indica mediante una se\u00f1al ac\u00fastica (alarma) y visual (LED verde\/rojo) - Incluye certificado de calibraci\u00f3n trazable Especificaciones: - Encastre de entrada: 3\/4\" - Encastre de salida: 3\/4\" - Rango de torque: 15 a 1000 Nm (11.1 a 738.2 ft-lb) - Unidades de medida: Nm \/ ft-lb \/ in-lb \/ kg-cm - Resoluci\u00f3n: 0.1 Nm - Precisi\u00f3n: \u00b11 % - Capacidad de almacenamiento: 500 registros (10 valores preestablecidos) - Temperatura de funcionamiento: -10\u00baC a 60\u00baC - Bater\u00edas: 1.5V AAA (x 2, incluidas)","og_url":"https:\/\/eurotech.uy\/herramientas\/producto\/torquimetro-digital-1000-nm-enc-3-4-con-sonido\/","og_site_name":"Eurotech Herramientas Uruguay","article_modified_time":"2026-01-07T19:24:47+00:00","og_image":[{"width":1080,"height":1080,"url":"https:\/\/eurotech.uy\/herramientas\/wp-content\/uploads\/2025\/09\/5532-1.jpg","type":"image\/jpeg"}],"twitter_card":"summary_large_image","twitter_misc":{"Tiempo de lectura":"1 minuto"},"schema":{"@context":"https:\/\/schema.org","@graph":[{"@type":"WebPage","@id":"https:\/\/eurotech.uy\/herramientas\/producto\/torquimetro-digital-1000-nm-enc-3-4-con-sonido\/","url":"https:\/\/eurotech.uy\/herramientas\/producto\/torquimetro-digital-1000-nm-enc-3-4-con-sonido\/","name":"Torqu\u00edmetro digital 1000 Nm | Enc 3\/4\" - Con sonido - Eurotech Herramientas Uruguay","isPartOf":{"@id":"https:\/\/eurotech.uy\/herramientas\/#website"},"primaryImageOfPage":{"@id":"https:\/\/eurotech.uy\/herramientas\/producto\/torquimetro-digital-1000-nm-enc-3-4-con-sonido\/#primaryimage"},"image":{"@id":"https:\/\/eurotech.uy\/herramientas\/producto\/torquimetro-digital-1000-nm-enc-3-4-con-sonido\/#primaryimage"},"thumbnailUrl":"https:\/\/eurotech.uy\/herramientas\/wp-content\/uploads\/2025\/09\/5532-1.jpg","datePublished":"2025-09-30T15:43:46+00:00","dateModified":"2026-01-07T19:24:47+00:00","breadcrumb":{"@id":"https:\/\/eurotech.uy\/herramientas\/producto\/torquimetro-digital-1000-nm-enc-3-4-con-sonido\/#breadcrumb"},"inLanguage":"es","potentialAction":[{"@type":"ReadAction","target":["https:\/\/eurotech.uy\/herramientas\/producto\/torquimetro-digital-1000-nm-enc-3-4-con-sonido\/"]}]},{"@type":"ImageObject","inLanguage":"es","@id":"https:\/\/eurotech.uy\/herramientas\/producto\/torquimetro-digital-1000-nm-enc-3-4-con-sonido\/#primaryimage","url":"https:\/\/eurotech.uy\/herramientas\/wp-content\/uploads\/2025\/09\/5532-1.jpg","contentUrl":"https:\/\/eurotech.uy\/herramientas\/wp-content\/uploads\/2025\/09\/5532-1.jpg","width":1080,"height":1080},{"@type":"BreadcrumbList","@id":"https:\/\/eurotech.uy\/herramientas\/producto\/torquimetro-digital-1000-nm-enc-3-4-con-sonido\/#breadcrumb","itemListElement":[{"@type":"ListItem","position":1,"name":"Portada","item":"https:\/\/eurotech.uy\/herramientas\/"},{"@type":"ListItem","position":2,"name":"new shop page","item":"https:\/\/eurotech.uy\/herramientas\/?page_id=6998"},{"@type":"ListItem","position":3,"name":"Torqu\u00edmetro digital 1000 Nm | Enc 3\/4&#8243; &#8211; Con sonido"}]},{"@type":"WebSite","@id":"https:\/\/eurotech.uy\/herramientas\/#website","url":"https:\/\/eurotech.uy\/herramientas\/","name":"Eurotech Herramientas Uruguay","description":"Eurotech Herramientas","potentialAction":[{"@type":"SearchAction","target":{"@type":"EntryPoint","urlTemplate":"https:\/\/eurotech.uy\/herramientas\/?s={search_term_string}"},"query-input":{"@type":"PropertyValueSpecification","valueRequired":true,"valueName":"search_term_string"}}],"inLanguage":"es"}]}},"_links":{"self":[{"href":"https:\/\/eurotech.uy\/herramientas\/wp-json\/wp\/v2\/product\/13281","targetHints":{"allow":["GET"]}}],"collection":[{"href":"https:\/\/eurotech.uy\/herramientas\/wp-json\/wp\/v2\/product"}],"about":[{"href":"https:\/\/eurotech.uy\/herramientas\/wp-json\/wp\/v2\/types\/product"}],"wp:featuredmedia":[{"embeddable":true,"href":"https:\/\/eurotech.uy\/herramientas\/wp-json\/wp\/v2\/media\/13231"}],"wp:attachment":[{"href":"https:\/\/eurotech.uy\/herramientas\/wp-json\/wp\/v2\/media?parent=13281"}],"wp:term":[{"taxonomy":"product_brand","embeddable":true,"href":"https:\/\/eurotech.uy\/herramientas\/wp-json\/wp\/v2\/product_brand?post=13281"},{"taxonomy":"product_cat","embeddable":true,"href":"https:\/\/eurotech.uy\/herramientas\/wp-json\/wp\/v2\/product_cat?post=13281"},{"taxonomy":"product_tag","embeddable":true,"href":"https:\/\/eurotech.uy\/herramientas\/wp-json\/wp\/v2\/product_tag?post=13281"}],"curies":[{"name":"wp","href":"https:\/\/api.w.org\/{rel}","templated":true}]}}