{"id":13279,"date":"2025-09-30T12:39:38","date_gmt":"2025-09-30T15:39:38","guid":{"rendered":"https:\/\/eurotech.uy\/herramientas\/?post_type=product&#038;p=13279"},"modified":"2026-01-07T16:25:28","modified_gmt":"2026-01-07T19:25:28","slug":"juego-3-torquimetros-1-2-3-8-1-4-certificados","status":"publish","type":"product","link":"https:\/\/eurotech.uy\/herramientas\/producto\/juego-3-torquimetros-1-2-3-8-1-4-certificados\/","title":{"rendered":"Juego 3 torqu\u00edmetros &#8211; 1\/2&#8243; 3\/8&#8243; 1\/4&#8243; &#8211; Certificados"},"content":{"rendered":"","protected":false},"excerpt":{"rendered":"<p><span data-sheets-root=\"1\">Kit de 3 tres torqu\u00edmetros de alta precisi\u00f3n con sus respectivos certificados de calibraci\u00f3n, garantizando su exactitud seg\u00fan los est\u00e1ndares ISO6789, GB\/T15729 y ASME B107.14M<br \/>\n&#8211; Encastre 1\/4&#8243;: rango de torque 5-25 Nm<br \/>\n&#8211; Encastre 3\/8&#8243;: rango de torque 10-120 Nm<br \/>\n&#8211; Encastre 1\/2&#8243;: rango de torque 60-330 Nm<br \/>\n&#8211; Cada herramienta fue probada y verificada para asegurar su correcto funcionamiento, con un porcentaje de error m\u00e1ximo muy bajo<\/p>\n<p>**Se recomienda verificar la calibraci\u00f3n cada 12 meses o despu\u00e9s de 5000 usos**<\/span><\/p>\n","protected":false},"featured_media":13217,"template":"","meta":[],"product_brand":[],"product_cat":[413],"product_tag":[524],"class_list":{"0":"post-13279","1":"product","2":"type-product","3":"status-publish","4":"has-post-thumbnail","6":"product_cat-torquimetros","7":"product_tag-torcometro","9":"first","10":"instock","11":"shipping-taxable","12":"product-type-simple"},"yoast_head":"<!-- This site is optimized with the Yoast SEO plugin v25.3 - https:\/\/yoast.com\/wordpress\/plugins\/seo\/ -->\n<title>Juego 3 torqu\u00edmetros - 1\/2&quot; 3\/8&quot; 1\/4&quot; - Certificados - Eurotech Herramientas Uruguay<\/title>\n<meta name=\"robots\" content=\"index, follow, max-snippet:-1, max-image-preview:large, max-video-preview:-1\" \/>\n<link rel=\"canonical\" href=\"https:\/\/eurotech.uy\/herramientas\/producto\/juego-3-torquimetros-1-2-3-8-1-4-certificados\/\" \/>\n<meta property=\"og:locale\" content=\"es_ES\" \/>\n<meta property=\"og:type\" content=\"article\" \/>\n<meta property=\"og:title\" content=\"Juego 3 torqu\u00edmetros - 1\/2&quot; 3\/8&quot; 1\/4&quot; - Certificados - Eurotech Herramientas Uruguay\" \/>\n<meta property=\"og:description\" content=\"Kit de 3 tres torqu\u00edmetros de alta precisi\u00f3n con sus respectivos certificados de calibraci\u00f3n, garantizando su exactitud seg\u00fan los est\u00e1ndares ISO6789, GB\/T15729 y ASME B107.14M - Encastre 1\/4&quot;: rango de torque 5-25 Nm - Encastre 3\/8&quot;: rango de torque 10-120 Nm - Encastre 1\/2&quot;: rango de torque 60-330 Nm - Cada herramienta fue probada y verificada para asegurar su correcto funcionamiento, con un porcentaje de error m\u00e1ximo muy bajo  **Se recomienda verificar la calibraci\u00f3n cada 12 meses o despu\u00e9s de 5000 usos**\" \/>\n<meta property=\"og:url\" content=\"https:\/\/eurotech.uy\/herramientas\/producto\/juego-3-torquimetros-1-2-3-8-1-4-certificados\/\" \/>\n<meta property=\"og:site_name\" content=\"Eurotech Herramientas Uruguay\" \/>\n<meta property=\"article:modified_time\" content=\"2026-01-07T19:25:28+00:00\" \/>\n<meta property=\"og:image\" content=\"https:\/\/eurotech.uy\/herramientas\/wp-content\/uploads\/2025\/09\/5530_05.jpg\" \/>\n\t<meta property=\"og:image:width\" content=\"1080\" \/>\n\t<meta property=\"og:image:height\" content=\"1080\" \/>\n\t<meta property=\"og:image:type\" content=\"image\/jpeg\" \/>\n<meta name=\"twitter:card\" content=\"summary_large_image\" \/>\n<meta name=\"twitter:label1\" content=\"Tiempo de lectura\" \/>\n\t<meta name=\"twitter:data1\" content=\"1 minuto\" \/>\n<script type=\"application\/ld+json\" class=\"yoast-schema-graph\">{\"@context\":\"https:\/\/schema.org\",\"@graph\":[{\"@type\":\"WebPage\",\"@id\":\"https:\/\/eurotech.uy\/herramientas\/producto\/juego-3-torquimetros-1-2-3-8-1-4-certificados\/\",\"url\":\"https:\/\/eurotech.uy\/herramientas\/producto\/juego-3-torquimetros-1-2-3-8-1-4-certificados\/\",\"name\":\"Juego 3 torqu\u00edmetros - 1\/2\\\" 3\/8\\\" 1\/4\\\" - Certificados - Eurotech Herramientas Uruguay\",\"isPartOf\":{\"@id\":\"https:\/\/eurotech.uy\/herramientas\/#website\"},\"primaryImageOfPage\":{\"@id\":\"https:\/\/eurotech.uy\/herramientas\/producto\/juego-3-torquimetros-1-2-3-8-1-4-certificados\/#primaryimage\"},\"image\":{\"@id\":\"https:\/\/eurotech.uy\/herramientas\/producto\/juego-3-torquimetros-1-2-3-8-1-4-certificados\/#primaryimage\"},\"thumbnailUrl\":\"https:\/\/eurotech.uy\/herramientas\/wp-content\/uploads\/2025\/09\/5530_05.jpg\",\"datePublished\":\"2025-09-30T15:39:38+00:00\",\"dateModified\":\"2026-01-07T19:25:28+00:00\",\"breadcrumb\":{\"@id\":\"https:\/\/eurotech.uy\/herramientas\/producto\/juego-3-torquimetros-1-2-3-8-1-4-certificados\/#breadcrumb\"},\"inLanguage\":\"es\",\"potentialAction\":[{\"@type\":\"ReadAction\",\"target\":[\"https:\/\/eurotech.uy\/herramientas\/producto\/juego-3-torquimetros-1-2-3-8-1-4-certificados\/\"]}]},{\"@type\":\"ImageObject\",\"inLanguage\":\"es\",\"@id\":\"https:\/\/eurotech.uy\/herramientas\/producto\/juego-3-torquimetros-1-2-3-8-1-4-certificados\/#primaryimage\",\"url\":\"https:\/\/eurotech.uy\/herramientas\/wp-content\/uploads\/2025\/09\/5530_05.jpg\",\"contentUrl\":\"https:\/\/eurotech.uy\/herramientas\/wp-content\/uploads\/2025\/09\/5530_05.jpg\",\"width\":1080,\"height\":1080},{\"@type\":\"BreadcrumbList\",\"@id\":\"https:\/\/eurotech.uy\/herramientas\/producto\/juego-3-torquimetros-1-2-3-8-1-4-certificados\/#breadcrumb\",\"itemListElement\":[{\"@type\":\"ListItem\",\"position\":1,\"name\":\"Portada\",\"item\":\"https:\/\/eurotech.uy\/herramientas\/\"},{\"@type\":\"ListItem\",\"position\":2,\"name\":\"new shop page\",\"item\":\"https:\/\/eurotech.uy\/herramientas\/?page_id=6998\"},{\"@type\":\"ListItem\",\"position\":3,\"name\":\"Juego 3 torqu\u00edmetros &#8211; 1\/2&#8243; 3\/8&#8243; 1\/4&#8243; &#8211; Certificados\"}]},{\"@type\":\"WebSite\",\"@id\":\"https:\/\/eurotech.uy\/herramientas\/#website\",\"url\":\"https:\/\/eurotech.uy\/herramientas\/\",\"name\":\"Eurotech Herramientas Uruguay\",\"description\":\"Eurotech Herramientas\",\"potentialAction\":[{\"@type\":\"SearchAction\",\"target\":{\"@type\":\"EntryPoint\",\"urlTemplate\":\"https:\/\/eurotech.uy\/herramientas\/?s={search_term_string}\"},\"query-input\":{\"@type\":\"PropertyValueSpecification\",\"valueRequired\":true,\"valueName\":\"search_term_string\"}}],\"inLanguage\":\"es\"}]}<\/script>\n<!-- \/ Yoast SEO plugin. -->","yoast_head_json":{"title":"Juego 3 torqu\u00edmetros - 1\/2\" 3\/8\" 1\/4\" - Certificados - Eurotech Herramientas Uruguay","robots":{"index":"index","follow":"follow","max-snippet":"max-snippet:-1","max-image-preview":"max-image-preview:large","max-video-preview":"max-video-preview:-1"},"canonical":"https:\/\/eurotech.uy\/herramientas\/producto\/juego-3-torquimetros-1-2-3-8-1-4-certificados\/","og_locale":"es_ES","og_type":"article","og_title":"Juego 3 torqu\u00edmetros - 1\/2\" 3\/8\" 1\/4\" - Certificados - Eurotech Herramientas Uruguay","og_description":"Kit de 3 tres torqu\u00edmetros de alta precisi\u00f3n con sus respectivos certificados de calibraci\u00f3n, garantizando su exactitud seg\u00fan los est\u00e1ndares ISO6789, GB\/T15729 y ASME B107.14M - Encastre 1\/4\": rango de torque 5-25 Nm - Encastre 3\/8\": rango de torque 10-120 Nm - Encastre 1\/2\": rango de torque 60-330 Nm - Cada herramienta fue probada y verificada para asegurar su correcto funcionamiento, con un porcentaje de error m\u00e1ximo muy bajo  **Se recomienda verificar la calibraci\u00f3n cada 12 meses o despu\u00e9s de 5000 usos**","og_url":"https:\/\/eurotech.uy\/herramientas\/producto\/juego-3-torquimetros-1-2-3-8-1-4-certificados\/","og_site_name":"Eurotech Herramientas Uruguay","article_modified_time":"2026-01-07T19:25:28+00:00","og_image":[{"width":1080,"height":1080,"url":"https:\/\/eurotech.uy\/herramientas\/wp-content\/uploads\/2025\/09\/5530_05.jpg","type":"image\/jpeg"}],"twitter_card":"summary_large_image","twitter_misc":{"Tiempo de lectura":"1 minuto"},"schema":{"@context":"https:\/\/schema.org","@graph":[{"@type":"WebPage","@id":"https:\/\/eurotech.uy\/herramientas\/producto\/juego-3-torquimetros-1-2-3-8-1-4-certificados\/","url":"https:\/\/eurotech.uy\/herramientas\/producto\/juego-3-torquimetros-1-2-3-8-1-4-certificados\/","name":"Juego 3 torqu\u00edmetros - 1\/2\" 3\/8\" 1\/4\" - Certificados - Eurotech Herramientas Uruguay","isPartOf":{"@id":"https:\/\/eurotech.uy\/herramientas\/#website"},"primaryImageOfPage":{"@id":"https:\/\/eurotech.uy\/herramientas\/producto\/juego-3-torquimetros-1-2-3-8-1-4-certificados\/#primaryimage"},"image":{"@id":"https:\/\/eurotech.uy\/herramientas\/producto\/juego-3-torquimetros-1-2-3-8-1-4-certificados\/#primaryimage"},"thumbnailUrl":"https:\/\/eurotech.uy\/herramientas\/wp-content\/uploads\/2025\/09\/5530_05.jpg","datePublished":"2025-09-30T15:39:38+00:00","dateModified":"2026-01-07T19:25:28+00:00","breadcrumb":{"@id":"https:\/\/eurotech.uy\/herramientas\/producto\/juego-3-torquimetros-1-2-3-8-1-4-certificados\/#breadcrumb"},"inLanguage":"es","potentialAction":[{"@type":"ReadAction","target":["https:\/\/eurotech.uy\/herramientas\/producto\/juego-3-torquimetros-1-2-3-8-1-4-certificados\/"]}]},{"@type":"ImageObject","inLanguage":"es","@id":"https:\/\/eurotech.uy\/herramientas\/producto\/juego-3-torquimetros-1-2-3-8-1-4-certificados\/#primaryimage","url":"https:\/\/eurotech.uy\/herramientas\/wp-content\/uploads\/2025\/09\/5530_05.jpg","contentUrl":"https:\/\/eurotech.uy\/herramientas\/wp-content\/uploads\/2025\/09\/5530_05.jpg","width":1080,"height":1080},{"@type":"BreadcrumbList","@id":"https:\/\/eurotech.uy\/herramientas\/producto\/juego-3-torquimetros-1-2-3-8-1-4-certificados\/#breadcrumb","itemListElement":[{"@type":"ListItem","position":1,"name":"Portada","item":"https:\/\/eurotech.uy\/herramientas\/"},{"@type":"ListItem","position":2,"name":"new shop page","item":"https:\/\/eurotech.uy\/herramientas\/?page_id=6998"},{"@type":"ListItem","position":3,"name":"Juego 3 torqu\u00edmetros &#8211; 1\/2&#8243; 3\/8&#8243; 1\/4&#8243; &#8211; Certificados"}]},{"@type":"WebSite","@id":"https:\/\/eurotech.uy\/herramientas\/#website","url":"https:\/\/eurotech.uy\/herramientas\/","name":"Eurotech Herramientas Uruguay","description":"Eurotech Herramientas","potentialAction":[{"@type":"SearchAction","target":{"@type":"EntryPoint","urlTemplate":"https:\/\/eurotech.uy\/herramientas\/?s={search_term_string}"},"query-input":{"@type":"PropertyValueSpecification","valueRequired":true,"valueName":"search_term_string"}}],"inLanguage":"es"}]}},"_links":{"self":[{"href":"https:\/\/eurotech.uy\/herramientas\/wp-json\/wp\/v2\/product\/13279","targetHints":{"allow":["GET"]}}],"collection":[{"href":"https:\/\/eurotech.uy\/herramientas\/wp-json\/wp\/v2\/product"}],"about":[{"href":"https:\/\/eurotech.uy\/herramientas\/wp-json\/wp\/v2\/types\/product"}],"wp:featuredmedia":[{"embeddable":true,"href":"https:\/\/eurotech.uy\/herramientas\/wp-json\/wp\/v2\/media\/13217"}],"wp:attachment":[{"href":"https:\/\/eurotech.uy\/herramientas\/wp-json\/wp\/v2\/media?parent=13279"}],"wp:term":[{"taxonomy":"product_brand","embeddable":true,"href":"https:\/\/eurotech.uy\/herramientas\/wp-json\/wp\/v2\/product_brand?post=13279"},{"taxonomy":"product_cat","embeddable":true,"href":"https:\/\/eurotech.uy\/herramientas\/wp-json\/wp\/v2\/product_cat?post=13279"},{"taxonomy":"product_tag","embeddable":true,"href":"https:\/\/eurotech.uy\/herramientas\/wp-json\/wp\/v2\/product_tag?post=13279"}],"curies":[{"name":"wp","href":"https:\/\/api.w.org\/{rel}","templated":true}]}}