{"id":12160,"date":"2025-04-27T22:17:02","date_gmt":"2025-04-27T22:17:02","guid":{"rendered":"https:\/\/eurotech.uy\/herramientas\/?post_type=product&#038;p=12160"},"modified":"2025-06-26T11:44:32","modified_gmt":"2025-06-26T14:44:32","slug":"calibres-comparadores-telescopicos-tipo-t-8-a-150-mm-6-pcs","status":"publish","type":"product","link":"https:\/\/eurotech.uy\/herramientas\/producto\/calibres-comparadores-telescopicos-tipo-t-8-a-150-mm-6-pcs\/","title":{"rendered":"Calibres comparadores telesc\u00f3picos tipo T &#8211; 8 a 150 mm &#8211; 6 pcs."},"content":{"rendered":"","protected":false},"excerpt":{"rendered":"<p><span data-sheets-root=\"1\">Juego de 6 calibres telesc\u00f3picos, ideales para una medici\u00f3n r\u00e1pida y precisa de di\u00e1metros internos (agujeros, ranuras, huecos, orificios, etc.)<br \/>\n&#8211; La tensi\u00f3n constante del resorte proporciona una presi\u00f3n de contacto uniforme<br \/>\n&#8211; Mango r\u00edgido de doble acci\u00f3n con funci\u00f3n de autocentrado para una comprobaci\u00f3n r\u00e1pida<br \/>\n&#8211; Acabado cromo satinado<br \/>\n&#8211; Longitud: 115 mm a 137 mm<br \/>\nMedidas:<br \/>\n&#8211; A: 5\/16&#8243; &#8211; 1\/2&#8243; (8 a 12.7 mm)<br \/>\n&#8211; B: 1\/2&#8243; &#8211; 3\/4&#8243; (12.7 a 19 mm)<br \/>\n&#8211; C: 3\/4&#8243; &#8211; 1 1\/4&#8243; (19 a 32 mm)<br \/>\n&#8211; D: 1 1\/4&#8243; &#8211; 2 1\/8&#8243; (32 a 54 mm)<br \/>\n&#8211; E: 2 1\/8&#8243; &#8211; 3 1\/2&#8243; (54 a 90 mm)<br \/>\n&#8211; F: 3 1\/2&#8243; &#8211; 6&#8243; (90 a 150 mm)<\/span><\/p>\n","protected":false},"featured_media":11022,"template":"","meta":[],"product_brand":[],"product_cat":[411],"product_tag":[],"class_list":{"0":"post-12160","1":"product","2":"type-product","3":"status-publish","4":"has-post-thumbnail","6":"product_cat-otros-subc1-medicion-y-prueba","8":"first","9":"instock","10":"shipping-taxable","11":"product-type-simple"},"yoast_head":"<!-- This site is optimized with the Yoast SEO plugin v25.3 - https:\/\/yoast.com\/wordpress\/plugins\/seo\/ -->\n<title>Calibres comparadores telesc\u00f3picos tipo T - 8 a 150 mm - 6 pcs. - Eurotech Herramientas Uruguay<\/title>\n<meta name=\"robots\" content=\"index, follow, max-snippet:-1, max-image-preview:large, max-video-preview:-1\" \/>\n<link rel=\"canonical\" href=\"https:\/\/eurotech.uy\/herramientas\/producto\/calibres-comparadores-telescopicos-tipo-t-8-a-150-mm-6-pcs\/\" \/>\n<meta property=\"og:locale\" content=\"es_ES\" \/>\n<meta property=\"og:type\" content=\"article\" \/>\n<meta property=\"og:title\" content=\"Calibres comparadores telesc\u00f3picos tipo T - 8 a 150 mm - 6 pcs. - Eurotech Herramientas Uruguay\" \/>\n<meta property=\"og:description\" content=\"Juego de 6 calibres telesc\u00f3picos, ideales para una medici\u00f3n r\u00e1pida y precisa de di\u00e1metros internos (agujeros, ranuras, huecos, orificios, etc.) - La tensi\u00f3n constante del resorte proporciona una presi\u00f3n de contacto uniforme - Mango r\u00edgido de doble acci\u00f3n con funci\u00f3n de autocentrado para una comprobaci\u00f3n r\u00e1pida - Acabado cromo satinado - Longitud: 115 mm a 137 mm Medidas: - A: 5\/16&quot; - 1\/2&quot; (8 a 12.7 mm) - B: 1\/2&quot; - 3\/4&quot; (12.7 a 19 mm) - C: 3\/4&quot; - 1 1\/4&quot; (19 a 32 mm) - D: 1 1\/4&quot; - 2 1\/8&quot; (32 a 54 mm) - E: 2 1\/8&quot; - 3 1\/2&quot; (54 a 90 mm) - F: 3 1\/2&quot; - 6&quot; (90 a 150 mm)\" \/>\n<meta property=\"og:url\" content=\"https:\/\/eurotech.uy\/herramientas\/producto\/calibres-comparadores-telescopicos-tipo-t-8-a-150-mm-6-pcs\/\" \/>\n<meta property=\"og:site_name\" content=\"Eurotech Herramientas Uruguay\" \/>\n<meta property=\"article:modified_time\" content=\"2025-06-26T14:44:32+00:00\" \/>\n<meta property=\"og:image\" content=\"https:\/\/eurotech.uy\/herramientas\/wp-content\/uploads\/2025\/03\/6186-5.jpg\" \/>\n\t<meta property=\"og:image:width\" content=\"1080\" \/>\n\t<meta property=\"og:image:height\" content=\"1080\" \/>\n\t<meta property=\"og:image:type\" content=\"image\/jpeg\" \/>\n<meta name=\"twitter:card\" content=\"summary_large_image\" \/>\n<meta name=\"twitter:label1\" content=\"Tiempo de lectura\" \/>\n\t<meta name=\"twitter:data1\" content=\"1 minuto\" \/>\n<script type=\"application\/ld+json\" class=\"yoast-schema-graph\">{\"@context\":\"https:\/\/schema.org\",\"@graph\":[{\"@type\":\"WebPage\",\"@id\":\"https:\/\/eurotech.uy\/herramientas\/producto\/calibres-comparadores-telescopicos-tipo-t-8-a-150-mm-6-pcs\/\",\"url\":\"https:\/\/eurotech.uy\/herramientas\/producto\/calibres-comparadores-telescopicos-tipo-t-8-a-150-mm-6-pcs\/\",\"name\":\"Calibres comparadores telesc\u00f3picos tipo T - 8 a 150 mm - 6 pcs. - Eurotech Herramientas Uruguay\",\"isPartOf\":{\"@id\":\"https:\/\/eurotech.uy\/herramientas\/#website\"},\"primaryImageOfPage\":{\"@id\":\"https:\/\/eurotech.uy\/herramientas\/producto\/calibres-comparadores-telescopicos-tipo-t-8-a-150-mm-6-pcs\/#primaryimage\"},\"image\":{\"@id\":\"https:\/\/eurotech.uy\/herramientas\/producto\/calibres-comparadores-telescopicos-tipo-t-8-a-150-mm-6-pcs\/#primaryimage\"},\"thumbnailUrl\":\"https:\/\/eurotech.uy\/herramientas\/wp-content\/uploads\/2025\/03\/6186-5.jpg\",\"datePublished\":\"2025-04-27T22:17:02+00:00\",\"dateModified\":\"2025-06-26T14:44:32+00:00\",\"breadcrumb\":{\"@id\":\"https:\/\/eurotech.uy\/herramientas\/producto\/calibres-comparadores-telescopicos-tipo-t-8-a-150-mm-6-pcs\/#breadcrumb\"},\"inLanguage\":\"es\",\"potentialAction\":[{\"@type\":\"ReadAction\",\"target\":[\"https:\/\/eurotech.uy\/herramientas\/producto\/calibres-comparadores-telescopicos-tipo-t-8-a-150-mm-6-pcs\/\"]}]},{\"@type\":\"ImageObject\",\"inLanguage\":\"es\",\"@id\":\"https:\/\/eurotech.uy\/herramientas\/producto\/calibres-comparadores-telescopicos-tipo-t-8-a-150-mm-6-pcs\/#primaryimage\",\"url\":\"https:\/\/eurotech.uy\/herramientas\/wp-content\/uploads\/2025\/03\/6186-5.jpg\",\"contentUrl\":\"https:\/\/eurotech.uy\/herramientas\/wp-content\/uploads\/2025\/03\/6186-5.jpg\",\"width\":1080,\"height\":1080},{\"@type\":\"BreadcrumbList\",\"@id\":\"https:\/\/eurotech.uy\/herramientas\/producto\/calibres-comparadores-telescopicos-tipo-t-8-a-150-mm-6-pcs\/#breadcrumb\",\"itemListElement\":[{\"@type\":\"ListItem\",\"position\":1,\"name\":\"Portada\",\"item\":\"https:\/\/eurotech.uy\/herramientas\/\"},{\"@type\":\"ListItem\",\"position\":2,\"name\":\"new shop page\",\"item\":\"https:\/\/eurotech.uy\/herramientas\/?page_id=6998\"},{\"@type\":\"ListItem\",\"position\":3,\"name\":\"Calibres comparadores telesc\u00f3picos tipo T &#8211; 8 a 150 mm &#8211; 6 pcs.\"}]},{\"@type\":\"WebSite\",\"@id\":\"https:\/\/eurotech.uy\/herramientas\/#website\",\"url\":\"https:\/\/eurotech.uy\/herramientas\/\",\"name\":\"Eurotech Herramientas Uruguay\",\"description\":\"Eurotech Herramientas\",\"potentialAction\":[{\"@type\":\"SearchAction\",\"target\":{\"@type\":\"EntryPoint\",\"urlTemplate\":\"https:\/\/eurotech.uy\/herramientas\/?s={search_term_string}\"},\"query-input\":{\"@type\":\"PropertyValueSpecification\",\"valueRequired\":true,\"valueName\":\"search_term_string\"}}],\"inLanguage\":\"es\"}]}<\/script>\n<!-- \/ Yoast SEO plugin. -->","yoast_head_json":{"title":"Calibres comparadores telesc\u00f3picos tipo T - 8 a 150 mm - 6 pcs. - Eurotech Herramientas Uruguay","robots":{"index":"index","follow":"follow","max-snippet":"max-snippet:-1","max-image-preview":"max-image-preview:large","max-video-preview":"max-video-preview:-1"},"canonical":"https:\/\/eurotech.uy\/herramientas\/producto\/calibres-comparadores-telescopicos-tipo-t-8-a-150-mm-6-pcs\/","og_locale":"es_ES","og_type":"article","og_title":"Calibres comparadores telesc\u00f3picos tipo T - 8 a 150 mm - 6 pcs. - Eurotech Herramientas Uruguay","og_description":"Juego de 6 calibres telesc\u00f3picos, ideales para una medici\u00f3n r\u00e1pida y precisa de di\u00e1metros internos (agujeros, ranuras, huecos, orificios, etc.) - La tensi\u00f3n constante del resorte proporciona una presi\u00f3n de contacto uniforme - Mango r\u00edgido de doble acci\u00f3n con funci\u00f3n de autocentrado para una comprobaci\u00f3n r\u00e1pida - Acabado cromo satinado - Longitud: 115 mm a 137 mm Medidas: - A: 5\/16\" - 1\/2\" (8 a 12.7 mm) - B: 1\/2\" - 3\/4\" (12.7 a 19 mm) - C: 3\/4\" - 1 1\/4\" (19 a 32 mm) - D: 1 1\/4\" - 2 1\/8\" (32 a 54 mm) - E: 2 1\/8\" - 3 1\/2\" (54 a 90 mm) - F: 3 1\/2\" - 6\" (90 a 150 mm)","og_url":"https:\/\/eurotech.uy\/herramientas\/producto\/calibres-comparadores-telescopicos-tipo-t-8-a-150-mm-6-pcs\/","og_site_name":"Eurotech Herramientas Uruguay","article_modified_time":"2025-06-26T14:44:32+00:00","og_image":[{"width":1080,"height":1080,"url":"https:\/\/eurotech.uy\/herramientas\/wp-content\/uploads\/2025\/03\/6186-5.jpg","type":"image\/jpeg"}],"twitter_card":"summary_large_image","twitter_misc":{"Tiempo de lectura":"1 minuto"},"schema":{"@context":"https:\/\/schema.org","@graph":[{"@type":"WebPage","@id":"https:\/\/eurotech.uy\/herramientas\/producto\/calibres-comparadores-telescopicos-tipo-t-8-a-150-mm-6-pcs\/","url":"https:\/\/eurotech.uy\/herramientas\/producto\/calibres-comparadores-telescopicos-tipo-t-8-a-150-mm-6-pcs\/","name":"Calibres comparadores telesc\u00f3picos tipo T - 8 a 150 mm - 6 pcs. - Eurotech Herramientas Uruguay","isPartOf":{"@id":"https:\/\/eurotech.uy\/herramientas\/#website"},"primaryImageOfPage":{"@id":"https:\/\/eurotech.uy\/herramientas\/producto\/calibres-comparadores-telescopicos-tipo-t-8-a-150-mm-6-pcs\/#primaryimage"},"image":{"@id":"https:\/\/eurotech.uy\/herramientas\/producto\/calibres-comparadores-telescopicos-tipo-t-8-a-150-mm-6-pcs\/#primaryimage"},"thumbnailUrl":"https:\/\/eurotech.uy\/herramientas\/wp-content\/uploads\/2025\/03\/6186-5.jpg","datePublished":"2025-04-27T22:17:02+00:00","dateModified":"2025-06-26T14:44:32+00:00","breadcrumb":{"@id":"https:\/\/eurotech.uy\/herramientas\/producto\/calibres-comparadores-telescopicos-tipo-t-8-a-150-mm-6-pcs\/#breadcrumb"},"inLanguage":"es","potentialAction":[{"@type":"ReadAction","target":["https:\/\/eurotech.uy\/herramientas\/producto\/calibres-comparadores-telescopicos-tipo-t-8-a-150-mm-6-pcs\/"]}]},{"@type":"ImageObject","inLanguage":"es","@id":"https:\/\/eurotech.uy\/herramientas\/producto\/calibres-comparadores-telescopicos-tipo-t-8-a-150-mm-6-pcs\/#primaryimage","url":"https:\/\/eurotech.uy\/herramientas\/wp-content\/uploads\/2025\/03\/6186-5.jpg","contentUrl":"https:\/\/eurotech.uy\/herramientas\/wp-content\/uploads\/2025\/03\/6186-5.jpg","width":1080,"height":1080},{"@type":"BreadcrumbList","@id":"https:\/\/eurotech.uy\/herramientas\/producto\/calibres-comparadores-telescopicos-tipo-t-8-a-150-mm-6-pcs\/#breadcrumb","itemListElement":[{"@type":"ListItem","position":1,"name":"Portada","item":"https:\/\/eurotech.uy\/herramientas\/"},{"@type":"ListItem","position":2,"name":"new shop page","item":"https:\/\/eurotech.uy\/herramientas\/?page_id=6998"},{"@type":"ListItem","position":3,"name":"Calibres comparadores telesc\u00f3picos tipo T &#8211; 8 a 150 mm &#8211; 6 pcs."}]},{"@type":"WebSite","@id":"https:\/\/eurotech.uy\/herramientas\/#website","url":"https:\/\/eurotech.uy\/herramientas\/","name":"Eurotech Herramientas Uruguay","description":"Eurotech Herramientas","potentialAction":[{"@type":"SearchAction","target":{"@type":"EntryPoint","urlTemplate":"https:\/\/eurotech.uy\/herramientas\/?s={search_term_string}"},"query-input":{"@type":"PropertyValueSpecification","valueRequired":true,"valueName":"search_term_string"}}],"inLanguage":"es"}]}},"_links":{"self":[{"href":"https:\/\/eurotech.uy\/herramientas\/wp-json\/wp\/v2\/product\/12160","targetHints":{"allow":["GET"]}}],"collection":[{"href":"https:\/\/eurotech.uy\/herramientas\/wp-json\/wp\/v2\/product"}],"about":[{"href":"https:\/\/eurotech.uy\/herramientas\/wp-json\/wp\/v2\/types\/product"}],"wp:featuredmedia":[{"embeddable":true,"href":"https:\/\/eurotech.uy\/herramientas\/wp-json\/wp\/v2\/media\/11022"}],"wp:attachment":[{"href":"https:\/\/eurotech.uy\/herramientas\/wp-json\/wp\/v2\/media?parent=12160"}],"wp:term":[{"taxonomy":"product_brand","embeddable":true,"href":"https:\/\/eurotech.uy\/herramientas\/wp-json\/wp\/v2\/product_brand?post=12160"},{"taxonomy":"product_cat","embeddable":true,"href":"https:\/\/eurotech.uy\/herramientas\/wp-json\/wp\/v2\/product_cat?post=12160"},{"taxonomy":"product_tag","embeddable":true,"href":"https:\/\/eurotech.uy\/herramientas\/wp-json\/wp\/v2\/product_tag?post=12160"}],"curies":[{"name":"wp","href":"https:\/\/api.w.org\/{rel}","templated":true}]}}