{"id":10835,"date":"2025-03-12T19:27:14","date_gmt":"2025-03-12T19:27:14","guid":{"rendered":"https:\/\/eurotech.uy\/herramientas\/producto\/vacuometros-para-sincronizacion-de-carburadores\/"},"modified":"2025-05-14T17:47:33","modified_gmt":"2025-05-14T17:47:33","slug":"vacuometros-para-sincronizacion-de-carburadores","status":"publish","type":"product","link":"https:\/\/eurotech.uy\/herramientas\/producto\/vacuometros-para-sincronizacion-de-carburadores\/","title":{"rendered":"Vacuometros para sincronizaci\u00f3n de carburadores"},"content":{"rendered":"","protected":false},"excerpt":{"rendered":"<p>4 man\u00f3metros para medir presi\u00f3n y vac\u00edo, con acoples y picos necesarios.<br \/>\nPara sincronizaci\u00f3n de motos y de autos con motor de nafta que tengan m\u00e1s de un carburador.<\/p>\n<p>Permite trabajar simult\u00e1neamente con 4 carburadores en motores de nafta.<br \/>\nCada medidor tiene su propio control de amortiguaci\u00f3n individual y control de calibraci\u00f3n. Se suministra con un juego de adaptadores y conectores de carburador largos y cortos para un f\u00e1cil acceso.<br \/>\nPermite ajustarlos y reprogramarlos, conocer el estado del motor y detectar fallas (distribuciones mal ajustadas), colectores en mal estado u obstruidos, fugas en la culata, muelles de v\u00e1lvulas flojos o mal montados, retrasos o problemas en el sistema de encendido.<\/p>\n<p>Los man\u00f3metros est\u00e1n fijados en un soporte met\u00e1lico que permite sujetarlo o anclarlo (tiene agujeros). Tanto las mangueras, como los adaptadores de conexi\u00f3n r\u00e1pida y los relojes ofrecen una precisi\u00f3n exacta debida a su fabricaci\u00f3n y a los marcadores de presi\u00f3n y vac\u00edo. Cada uno de los man\u00f3metros funciona de forma independiente con v\u00e1lvula de cierre de presi\u00f3n y marcan los rangos l\u00f3gicos de un sistema en buenas condiciones en verde y para un mal estado en rojo.<\/p>\n<p>Contiene<\/p>\n<p>4 Man\u00f3metros con v\u00e1lvula de cierre independiente. Di\u00e1metro de la esfera 90 mm<br \/>\n1 Soporte met\u00e1lico para fijar y colocar los man\u00f3metros<br \/>\n4 Mangueras de goma reforzadas de di\u00e1metro de 8 mm, paso de 4 mm y longitud de 750 mm<br \/>\n8 Adaptadores c\u00f3nicos:<br \/>\n4 Adaptadores de 3,9 x 100 mm<br \/>\n4 de 10 x 53 mm con paso M6 x 0,75<br \/>\n4 de 10 x 60 mm con paso M6 x 1<br \/>\n4 Adaptadores de 3,9 x 100 mm<br \/>\n4 Adaptadores de 3,9 x 165 mm<br \/>\n1 Adaptador universal sin rosca<br \/>\n4 Arandelas de presi\u00f3n para fijas los tubos<br \/>\nSurtido de t\u00f3ricas de repuesto<\/p>\n<p>Man\u00f3metros graduados con presi\u00f3n y vac\u00edo<br \/>\nIndicador de estados por c\u00f3digos de colores<\/p>\n<p>Escala o rango de presi\u00f3n: 0 a 15 PSI \/ 0 a 1 Kg\/cm2 \/ 0 a 1,03 Bar.<br \/>\nEscala o rango de vac\u00edo: 0 a 76 cm\/Hg \u00f3 0 a 30&#8243;\/Hg<\/p>\n<p>Atenci\u00f3n!: Antes de cada uso, aseg\u00farate de que todos los calibres est\u00e9n calibrados a 0. Si la aguja del medidor no apunta a 0. Abre la tapa de metal y utiliza un destornillador de cabeza plana para girar el tornillo en la cara del calibre para ajustar el puntero a 0 o la posici\u00f3n deseada.<\/p>\n","protected":false},"featured_media":9960,"template":"","meta":[],"product_brand":[],"product_cat":[410],"product_tag":[],"class_list":{"0":"post-10835","1":"product","2":"type-product","3":"status-publish","4":"has-post-thumbnail","6":"product_cat-manometros","8":"first","9":"instock","10":"shipping-taxable","11":"product-type-simple"},"yoast_head":"<!-- This site is optimized with the Yoast SEO plugin v25.3 - https:\/\/yoast.com\/wordpress\/plugins\/seo\/ -->\n<title>Vacuometros para sincronizaci\u00f3n de carburadores - Eurotech Herramientas Uruguay<\/title>\n<meta name=\"robots\" content=\"index, follow, max-snippet:-1, max-image-preview:large, max-video-preview:-1\" \/>\n<link rel=\"canonical\" href=\"https:\/\/eurotech.uy\/herramientas\/producto\/vacuometros-para-sincronizacion-de-carburadores\/\" \/>\n<meta property=\"og:locale\" content=\"es_ES\" \/>\n<meta property=\"og:type\" content=\"article\" \/>\n<meta property=\"og:title\" content=\"Vacuometros para sincronizaci\u00f3n de carburadores - Eurotech Herramientas Uruguay\" \/>\n<meta property=\"og:description\" content=\"4 man\u00f3metros para medir presi\u00f3n y vac\u00edo, con acoples y picos necesarios. Para sincronizaci\u00f3n de motos y de autos con motor de nafta que tengan m\u00e1s de un carburador.  Permite trabajar simult\u00e1neamente con 4 carburadores en motores de nafta. Cada medidor tiene su propio control de amortiguaci\u00f3n individual y control de calibraci\u00f3n. Se suministra con un juego de adaptadores y conectores de carburador largos y cortos para un f\u00e1cil acceso. Permite ajustarlos y reprogramarlos, conocer el estado del motor y detectar fallas (distribuciones mal ajustadas), colectores en mal estado u obstruidos, fugas en la culata, muelles de v\u00e1lvulas flojos o mal montados, retrasos o problemas en el sistema de encendido.  Los man\u00f3metros est\u00e1n fijados en un soporte met\u00e1lico que permite sujetarlo o anclarlo (tiene agujeros). Tanto las mangueras, como los adaptadores de conexi\u00f3n r\u00e1pida y los relojes ofrecen una precisi\u00f3n exacta debida a su fabricaci\u00f3n y a los marcadores de presi\u00f3n y vac\u00edo. Cada uno de los man\u00f3metros funciona de forma independiente con v\u00e1lvula de cierre de presi\u00f3n y marcan los rangos l\u00f3gicos de un sistema en buenas condiciones en verde y para un mal estado en rojo.  Contiene  4 Man\u00f3metros con v\u00e1lvula de cierre independiente. Di\u00e1metro de la esfera 90 mm 1 Soporte met\u00e1lico para fijar y colocar los man\u00f3metros 4 Mangueras de goma reforzadas de di\u00e1metro de 8 mm, paso de 4 mm y longitud de 750 mm 8 Adaptadores c\u00f3nicos: 4 Adaptadores de 3,9 x 100 mm 4 de 10 x 53 mm con paso M6 x 0,75 4 de 10 x 60 mm con paso M6 x 1 4 Adaptadores de 3,9 x 100 mm 4 Adaptadores de 3,9 x 165 mm 1 Adaptador universal sin rosca 4 Arandelas de presi\u00f3n para fijas los tubos Surtido de t\u00f3ricas de repuesto  Man\u00f3metros graduados con presi\u00f3n y vac\u00edo Indicador de estados por c\u00f3digos de colores  Escala o rango de presi\u00f3n: 0 a 15 PSI \/ 0 a 1 Kg\/cm2 \/ 0 a 1,03 Bar. Escala o rango de vac\u00edo: 0 a 76 cm\/Hg \u00f3 0 a 30&quot;\/Hg  Atenci\u00f3n!: Antes de cada uso, aseg\u00farate de que todos los calibres est\u00e9n calibrados a 0. Si la aguja del medidor no apunta a 0. Abre la tapa de metal y utiliza un destornillador de cabeza plana para girar el tornillo en la cara del calibre para ajustar el puntero a 0 o la posici\u00f3n deseada.\" \/>\n<meta property=\"og:url\" content=\"https:\/\/eurotech.uy\/herramientas\/producto\/vacuometros-para-sincronizacion-de-carburadores\/\" \/>\n<meta property=\"og:site_name\" content=\"Eurotech Herramientas Uruguay\" \/>\n<meta property=\"article:modified_time\" content=\"2025-05-14T17:47:33+00:00\" \/>\n<meta property=\"og:image\" content=\"https:\/\/eurotech.uy\/herramientas\/wp-content\/uploads\/2025\/02\/4419-1.jpg\" \/>\n\t<meta property=\"og:image:width\" content=\"1080\" \/>\n\t<meta property=\"og:image:height\" content=\"1080\" \/>\n\t<meta property=\"og:image:type\" content=\"image\/jpeg\" \/>\n<meta name=\"twitter:card\" content=\"summary_large_image\" \/>\n<meta name=\"twitter:label1\" content=\"Tiempo de lectura\" \/>\n\t<meta name=\"twitter:data1\" content=\"1 minuto\" \/>\n<script type=\"application\/ld+json\" class=\"yoast-schema-graph\">{\"@context\":\"https:\/\/schema.org\",\"@graph\":[{\"@type\":\"WebPage\",\"@id\":\"https:\/\/eurotech.uy\/herramientas\/producto\/vacuometros-para-sincronizacion-de-carburadores\/\",\"url\":\"https:\/\/eurotech.uy\/herramientas\/producto\/vacuometros-para-sincronizacion-de-carburadores\/\",\"name\":\"Vacuometros para sincronizaci\u00f3n de carburadores - Eurotech Herramientas Uruguay\",\"isPartOf\":{\"@id\":\"https:\/\/eurotech.uy\/herramientas\/#website\"},\"primaryImageOfPage\":{\"@id\":\"https:\/\/eurotech.uy\/herramientas\/producto\/vacuometros-para-sincronizacion-de-carburadores\/#primaryimage\"},\"image\":{\"@id\":\"https:\/\/eurotech.uy\/herramientas\/producto\/vacuometros-para-sincronizacion-de-carburadores\/#primaryimage\"},\"thumbnailUrl\":\"https:\/\/eurotech.uy\/herramientas\/wp-content\/uploads\/2025\/02\/4419-1.jpg\",\"datePublished\":\"2025-03-12T19:27:14+00:00\",\"dateModified\":\"2025-05-14T17:47:33+00:00\",\"breadcrumb\":{\"@id\":\"https:\/\/eurotech.uy\/herramientas\/producto\/vacuometros-para-sincronizacion-de-carburadores\/#breadcrumb\"},\"inLanguage\":\"es\",\"potentialAction\":[{\"@type\":\"ReadAction\",\"target\":[\"https:\/\/eurotech.uy\/herramientas\/producto\/vacuometros-para-sincronizacion-de-carburadores\/\"]}]},{\"@type\":\"ImageObject\",\"inLanguage\":\"es\",\"@id\":\"https:\/\/eurotech.uy\/herramientas\/producto\/vacuometros-para-sincronizacion-de-carburadores\/#primaryimage\",\"url\":\"https:\/\/eurotech.uy\/herramientas\/wp-content\/uploads\/2025\/02\/4419-1.jpg\",\"contentUrl\":\"https:\/\/eurotech.uy\/herramientas\/wp-content\/uploads\/2025\/02\/4419-1.jpg\",\"width\":1080,\"height\":1080},{\"@type\":\"BreadcrumbList\",\"@id\":\"https:\/\/eurotech.uy\/herramientas\/producto\/vacuometros-para-sincronizacion-de-carburadores\/#breadcrumb\",\"itemListElement\":[{\"@type\":\"ListItem\",\"position\":1,\"name\":\"Portada\",\"item\":\"https:\/\/eurotech.uy\/herramientas\/\"},{\"@type\":\"ListItem\",\"position\":2,\"name\":\"new shop page\",\"item\":\"https:\/\/eurotech.uy\/herramientas\/?page_id=6998\"},{\"@type\":\"ListItem\",\"position\":3,\"name\":\"Vacuometros para sincronizaci\u00f3n de carburadores\"}]},{\"@type\":\"WebSite\",\"@id\":\"https:\/\/eurotech.uy\/herramientas\/#website\",\"url\":\"https:\/\/eurotech.uy\/herramientas\/\",\"name\":\"Eurotech Herramientas Uruguay\",\"description\":\"Eurotech Herramientas\",\"potentialAction\":[{\"@type\":\"SearchAction\",\"target\":{\"@type\":\"EntryPoint\",\"urlTemplate\":\"https:\/\/eurotech.uy\/herramientas\/?s={search_term_string}\"},\"query-input\":{\"@type\":\"PropertyValueSpecification\",\"valueRequired\":true,\"valueName\":\"search_term_string\"}}],\"inLanguage\":\"es\"}]}<\/script>\n<!-- \/ Yoast SEO plugin. -->","yoast_head_json":{"title":"Vacuometros para sincronizaci\u00f3n de carburadores - Eurotech Herramientas Uruguay","robots":{"index":"index","follow":"follow","max-snippet":"max-snippet:-1","max-image-preview":"max-image-preview:large","max-video-preview":"max-video-preview:-1"},"canonical":"https:\/\/eurotech.uy\/herramientas\/producto\/vacuometros-para-sincronizacion-de-carburadores\/","og_locale":"es_ES","og_type":"article","og_title":"Vacuometros para sincronizaci\u00f3n de carburadores - Eurotech Herramientas Uruguay","og_description":"4 man\u00f3metros para medir presi\u00f3n y vac\u00edo, con acoples y picos necesarios. Para sincronizaci\u00f3n de motos y de autos con motor de nafta que tengan m\u00e1s de un carburador.  Permite trabajar simult\u00e1neamente con 4 carburadores en motores de nafta. Cada medidor tiene su propio control de amortiguaci\u00f3n individual y control de calibraci\u00f3n. Se suministra con un juego de adaptadores y conectores de carburador largos y cortos para un f\u00e1cil acceso. Permite ajustarlos y reprogramarlos, conocer el estado del motor y detectar fallas (distribuciones mal ajustadas), colectores en mal estado u obstruidos, fugas en la culata, muelles de v\u00e1lvulas flojos o mal montados, retrasos o problemas en el sistema de encendido.  Los man\u00f3metros est\u00e1n fijados en un soporte met\u00e1lico que permite sujetarlo o anclarlo (tiene agujeros). Tanto las mangueras, como los adaptadores de conexi\u00f3n r\u00e1pida y los relojes ofrecen una precisi\u00f3n exacta debida a su fabricaci\u00f3n y a los marcadores de presi\u00f3n y vac\u00edo. Cada uno de los man\u00f3metros funciona de forma independiente con v\u00e1lvula de cierre de presi\u00f3n y marcan los rangos l\u00f3gicos de un sistema en buenas condiciones en verde y para un mal estado en rojo.  Contiene  4 Man\u00f3metros con v\u00e1lvula de cierre independiente. Di\u00e1metro de la esfera 90 mm 1 Soporte met\u00e1lico para fijar y colocar los man\u00f3metros 4 Mangueras de goma reforzadas de di\u00e1metro de 8 mm, paso de 4 mm y longitud de 750 mm 8 Adaptadores c\u00f3nicos: 4 Adaptadores de 3,9 x 100 mm 4 de 10 x 53 mm con paso M6 x 0,75 4 de 10 x 60 mm con paso M6 x 1 4 Adaptadores de 3,9 x 100 mm 4 Adaptadores de 3,9 x 165 mm 1 Adaptador universal sin rosca 4 Arandelas de presi\u00f3n para fijas los tubos Surtido de t\u00f3ricas de repuesto  Man\u00f3metros graduados con presi\u00f3n y vac\u00edo Indicador de estados por c\u00f3digos de colores  Escala o rango de presi\u00f3n: 0 a 15 PSI \/ 0 a 1 Kg\/cm2 \/ 0 a 1,03 Bar. Escala o rango de vac\u00edo: 0 a 76 cm\/Hg \u00f3 0 a 30\"\/Hg  Atenci\u00f3n!: Antes de cada uso, aseg\u00farate de que todos los calibres est\u00e9n calibrados a 0. Si la aguja del medidor no apunta a 0. Abre la tapa de metal y utiliza un destornillador de cabeza plana para girar el tornillo en la cara del calibre para ajustar el puntero a 0 o la posici\u00f3n deseada.","og_url":"https:\/\/eurotech.uy\/herramientas\/producto\/vacuometros-para-sincronizacion-de-carburadores\/","og_site_name":"Eurotech Herramientas Uruguay","article_modified_time":"2025-05-14T17:47:33+00:00","og_image":[{"width":1080,"height":1080,"url":"https:\/\/eurotech.uy\/herramientas\/wp-content\/uploads\/2025\/02\/4419-1.jpg","type":"image\/jpeg"}],"twitter_card":"summary_large_image","twitter_misc":{"Tiempo de lectura":"1 minuto"},"schema":{"@context":"https:\/\/schema.org","@graph":[{"@type":"WebPage","@id":"https:\/\/eurotech.uy\/herramientas\/producto\/vacuometros-para-sincronizacion-de-carburadores\/","url":"https:\/\/eurotech.uy\/herramientas\/producto\/vacuometros-para-sincronizacion-de-carburadores\/","name":"Vacuometros para sincronizaci\u00f3n de carburadores - Eurotech Herramientas Uruguay","isPartOf":{"@id":"https:\/\/eurotech.uy\/herramientas\/#website"},"primaryImageOfPage":{"@id":"https:\/\/eurotech.uy\/herramientas\/producto\/vacuometros-para-sincronizacion-de-carburadores\/#primaryimage"},"image":{"@id":"https:\/\/eurotech.uy\/herramientas\/producto\/vacuometros-para-sincronizacion-de-carburadores\/#primaryimage"},"thumbnailUrl":"https:\/\/eurotech.uy\/herramientas\/wp-content\/uploads\/2025\/02\/4419-1.jpg","datePublished":"2025-03-12T19:27:14+00:00","dateModified":"2025-05-14T17:47:33+00:00","breadcrumb":{"@id":"https:\/\/eurotech.uy\/herramientas\/producto\/vacuometros-para-sincronizacion-de-carburadores\/#breadcrumb"},"inLanguage":"es","potentialAction":[{"@type":"ReadAction","target":["https:\/\/eurotech.uy\/herramientas\/producto\/vacuometros-para-sincronizacion-de-carburadores\/"]}]},{"@type":"ImageObject","inLanguage":"es","@id":"https:\/\/eurotech.uy\/herramientas\/producto\/vacuometros-para-sincronizacion-de-carburadores\/#primaryimage","url":"https:\/\/eurotech.uy\/herramientas\/wp-content\/uploads\/2025\/02\/4419-1.jpg","contentUrl":"https:\/\/eurotech.uy\/herramientas\/wp-content\/uploads\/2025\/02\/4419-1.jpg","width":1080,"height":1080},{"@type":"BreadcrumbList","@id":"https:\/\/eurotech.uy\/herramientas\/producto\/vacuometros-para-sincronizacion-de-carburadores\/#breadcrumb","itemListElement":[{"@type":"ListItem","position":1,"name":"Portada","item":"https:\/\/eurotech.uy\/herramientas\/"},{"@type":"ListItem","position":2,"name":"new shop page","item":"https:\/\/eurotech.uy\/herramientas\/?page_id=6998"},{"@type":"ListItem","position":3,"name":"Vacuometros para sincronizaci\u00f3n de carburadores"}]},{"@type":"WebSite","@id":"https:\/\/eurotech.uy\/herramientas\/#website","url":"https:\/\/eurotech.uy\/herramientas\/","name":"Eurotech Herramientas Uruguay","description":"Eurotech Herramientas","potentialAction":[{"@type":"SearchAction","target":{"@type":"EntryPoint","urlTemplate":"https:\/\/eurotech.uy\/herramientas\/?s={search_term_string}"},"query-input":{"@type":"PropertyValueSpecification","valueRequired":true,"valueName":"search_term_string"}}],"inLanguage":"es"}]}},"_links":{"self":[{"href":"https:\/\/eurotech.uy\/herramientas\/wp-json\/wp\/v2\/product\/10835","targetHints":{"allow":["GET"]}}],"collection":[{"href":"https:\/\/eurotech.uy\/herramientas\/wp-json\/wp\/v2\/product"}],"about":[{"href":"https:\/\/eurotech.uy\/herramientas\/wp-json\/wp\/v2\/types\/product"}],"wp:featuredmedia":[{"embeddable":true,"href":"https:\/\/eurotech.uy\/herramientas\/wp-json\/wp\/v2\/media\/9960"}],"wp:attachment":[{"href":"https:\/\/eurotech.uy\/herramientas\/wp-json\/wp\/v2\/media?parent=10835"}],"wp:term":[{"taxonomy":"product_brand","embeddable":true,"href":"https:\/\/eurotech.uy\/herramientas\/wp-json\/wp\/v2\/product_brand?post=10835"},{"taxonomy":"product_cat","embeddable":true,"href":"https:\/\/eurotech.uy\/herramientas\/wp-json\/wp\/v2\/product_cat?post=10835"},{"taxonomy":"product_tag","embeddable":true,"href":"https:\/\/eurotech.uy\/herramientas\/wp-json\/wp\/v2\/product_tag?post=10835"}],"curies":[{"name":"wp","href":"https:\/\/api.w.org\/{rel}","templated":true}]}}