{"id":11707,"date":"2025-04-16T12:48:17","date_gmt":"2025-04-16T12:48:17","guid":{"rendered":"https:\/\/eurotech.uy\/aireacondicionado\/?post_type=product&#038;p=11707"},"modified":"2025-05-24T00:43:59","modified_gmt":"2025-05-24T00:43:59","slug":"kit-balonadora-excentrica-mm-y-sae-corta-cano-rebarbador","status":"publish","type":"product","link":"https:\/\/eurotech.uy\/aireacondicionado\/producto\/kit-balonadora-excentrica-mm-y-sae-corta-cano-rebarbador\/","title":{"rendered":"Kit Balonadora Excentrica (mm y SAE) + Corta Ca\u00f1o + Rebarbador"},"content":{"rendered":"","protected":false},"excerpt":{"rendered":"<p><span data-sheets-root=\"1\">&#8211; 1 balonadora exc\u00e9ntrica con embrague<br \/>\n&#8211; 1 puente en mil\u00edmetros: 6 \/ 8 \/ 10 \/ 12 \/ 16 \/ 19 mm<br \/>\n&#8211; 1 puente en pulgadas: 1\/4&#8243; &#8211; 5\/16 \u00bb &#8211; 3\/8&#8243; &#8211; 1\/2&#8243; &#8211; 5\/8&#8243; &#8211; 3\/4&#8243;<br \/>\n&#8211; 1 cortadora de ca\u00f1o con cuchilla de repuesto: 1\/4&#8243; a 1 1\/8&#8243;<br \/>\n&#8211; 1 escariador o rebarbador pl\u00e1stico cil\u00edndrico (interior y exterior)<br \/>\n&#8211; Valija organizadora<\/span><\/p>\n","protected":false},"featured_media":11655,"template":"","meta":[],"product_brand":[],"product_cat":[489],"product_tag":[],"class_list":{"0":"post-11707","1":"product","2":"type-product","3":"status-publish","4":"has-post-thumbnail","6":"product_cat-balonadoras-pestanadoras","8":"first","9":"instock","10":"featured","11":"shipping-taxable","12":"product-type-simple"},"yoast_head":"<!-- This site is optimized with the Yoast SEO plugin v25.3 - https:\/\/yoast.com\/wordpress\/plugins\/seo\/ -->\n<title>Kit Balonadora Excentrica (mm y SAE) + Corta Ca\u00f1o + Rebarbador - Eurotech Aire Acondicionado Uruguay<\/title>\n<meta name=\"robots\" content=\"index, follow, max-snippet:-1, max-image-preview:large, max-video-preview:-1\" \/>\n<link rel=\"canonical\" href=\"https:\/\/eurotech.uy\/aireacondicionado\/producto\/kit-balonadora-excentrica-mm-y-sae-corta-cano-rebarbador\/\" \/>\n<meta property=\"og:locale\" content=\"es_ES\" \/>\n<meta property=\"og:type\" content=\"article\" \/>\n<meta property=\"og:title\" content=\"Kit Balonadora Excentrica (mm y SAE) + Corta Ca\u00f1o + Rebarbador - Eurotech Aire Acondicionado Uruguay\" \/>\n<meta property=\"og:description\" content=\"- 1 balonadora exc\u00e9ntrica con embrague - 1 puente en mil\u00edmetros: 6 \/ 8 \/ 10 \/ 12 \/ 16 \/ 19 mm - 1 puente en pulgadas: 1\/4&quot; - 5\/16 &quot; - 3\/8&quot; - 1\/2&quot; - 5\/8&quot; - 3\/4&quot; - 1 cortadora de ca\u00f1o con cuchilla de repuesto: 1\/4&quot; a 1 1\/8&quot; - 1 escariador o rebarbador pl\u00e1stico cil\u00edndrico (interior y exterior) - Valija organizadora\" \/>\n<meta property=\"og:url\" content=\"https:\/\/eurotech.uy\/aireacondicionado\/producto\/kit-balonadora-excentrica-mm-y-sae-corta-cano-rebarbador\/\" \/>\n<meta property=\"og:site_name\" content=\"Eurotech Aire Acondicionado Uruguay\" \/>\n<meta property=\"article:modified_time\" content=\"2025-05-24T00:43:59+00:00\" \/>\n<meta property=\"og:image\" content=\"https:\/\/eurotech.uy\/aireacondicionado\/wp-content\/uploads\/2025\/04\/6619-1.jpg\" \/>\n\t<meta property=\"og:image:width\" content=\"1080\" \/>\n\t<meta property=\"og:image:height\" content=\"1080\" \/>\n\t<meta property=\"og:image:type\" content=\"image\/jpeg\" \/>\n<meta name=\"twitter:card\" content=\"summary_large_image\" \/>\n<meta name=\"twitter:label1\" content=\"Tiempo de lectura\" \/>\n\t<meta name=\"twitter:data1\" content=\"1 minuto\" \/>\n<script type=\"application\/ld+json\" class=\"yoast-schema-graph\">{\"@context\":\"https:\/\/schema.org\",\"@graph\":[{\"@type\":\"WebPage\",\"@id\":\"https:\/\/eurotech.uy\/aireacondicionado\/producto\/kit-balonadora-excentrica-mm-y-sae-corta-cano-rebarbador\/\",\"url\":\"https:\/\/eurotech.uy\/aireacondicionado\/producto\/kit-balonadora-excentrica-mm-y-sae-corta-cano-rebarbador\/\",\"name\":\"Kit Balonadora Excentrica (mm y SAE) + Corta Ca\u00f1o + Rebarbador - Eurotech Aire Acondicionado Uruguay\",\"isPartOf\":{\"@id\":\"https:\/\/eurotech.uy\/aireacondicionado\/#website\"},\"primaryImageOfPage\":{\"@id\":\"https:\/\/eurotech.uy\/aireacondicionado\/producto\/kit-balonadora-excentrica-mm-y-sae-corta-cano-rebarbador\/#primaryimage\"},\"image\":{\"@id\":\"https:\/\/eurotech.uy\/aireacondicionado\/producto\/kit-balonadora-excentrica-mm-y-sae-corta-cano-rebarbador\/#primaryimage\"},\"thumbnailUrl\":\"https:\/\/eurotech.uy\/aireacondicionado\/wp-content\/uploads\/2025\/04\/6619-1.jpg\",\"datePublished\":\"2025-04-16T12:48:17+00:00\",\"dateModified\":\"2025-05-24T00:43:59+00:00\",\"breadcrumb\":{\"@id\":\"https:\/\/eurotech.uy\/aireacondicionado\/producto\/kit-balonadora-excentrica-mm-y-sae-corta-cano-rebarbador\/#breadcrumb\"},\"inLanguage\":\"es\",\"potentialAction\":[{\"@type\":\"ReadAction\",\"target\":[\"https:\/\/eurotech.uy\/aireacondicionado\/producto\/kit-balonadora-excentrica-mm-y-sae-corta-cano-rebarbador\/\"]}]},{\"@type\":\"ImageObject\",\"inLanguage\":\"es\",\"@id\":\"https:\/\/eurotech.uy\/aireacondicionado\/producto\/kit-balonadora-excentrica-mm-y-sae-corta-cano-rebarbador\/#primaryimage\",\"url\":\"https:\/\/eurotech.uy\/aireacondicionado\/wp-content\/uploads\/2025\/04\/6619-1.jpg\",\"contentUrl\":\"https:\/\/eurotech.uy\/aireacondicionado\/wp-content\/uploads\/2025\/04\/6619-1.jpg\",\"width\":1080,\"height\":1080},{\"@type\":\"BreadcrumbList\",\"@id\":\"https:\/\/eurotech.uy\/aireacondicionado\/producto\/kit-balonadora-excentrica-mm-y-sae-corta-cano-rebarbador\/#breadcrumb\",\"itemListElement\":[{\"@type\":\"ListItem\",\"position\":1,\"name\":\"Portada\",\"item\":\"https:\/\/eurotech.uy\/aireacondicionado\/\"},{\"@type\":\"ListItem\",\"position\":2,\"name\":\"new shop page\",\"item\":\"https:\/\/eurotech.uy\/aireacondicionado\/?page_id=6998\"},{\"@type\":\"ListItem\",\"position\":3,\"name\":\"Kit Balonadora Excentrica (mm y SAE) + Corta Ca\u00f1o + Rebarbador\"}]},{\"@type\":\"WebSite\",\"@id\":\"https:\/\/eurotech.uy\/aireacondicionado\/#website\",\"url\":\"https:\/\/eurotech.uy\/aireacondicionado\/\",\"name\":\"Eurotech Aire Acondicionado Uruguay\",\"description\":\"Eurotech  AA UY\",\"potentialAction\":[{\"@type\":\"SearchAction\",\"target\":{\"@type\":\"EntryPoint\",\"urlTemplate\":\"https:\/\/eurotech.uy\/aireacondicionado\/?s={search_term_string}\"},\"query-input\":{\"@type\":\"PropertyValueSpecification\",\"valueRequired\":true,\"valueName\":\"search_term_string\"}}],\"inLanguage\":\"es\"}]}<\/script>\n<!-- \/ Yoast SEO plugin. -->","yoast_head_json":{"title":"Kit Balonadora Excentrica (mm y SAE) + Corta Ca\u00f1o + Rebarbador - Eurotech Aire Acondicionado Uruguay","robots":{"index":"index","follow":"follow","max-snippet":"max-snippet:-1","max-image-preview":"max-image-preview:large","max-video-preview":"max-video-preview:-1"},"canonical":"https:\/\/eurotech.uy\/aireacondicionado\/producto\/kit-balonadora-excentrica-mm-y-sae-corta-cano-rebarbador\/","og_locale":"es_ES","og_type":"article","og_title":"Kit Balonadora Excentrica (mm y SAE) + Corta Ca\u00f1o + Rebarbador - Eurotech Aire Acondicionado Uruguay","og_description":"- 1 balonadora exc\u00e9ntrica con embrague - 1 puente en mil\u00edmetros: 6 \/ 8 \/ 10 \/ 12 \/ 16 \/ 19 mm - 1 puente en pulgadas: 1\/4\" - 5\/16 \" - 3\/8\" - 1\/2\" - 5\/8\" - 3\/4\" - 1 cortadora de ca\u00f1o con cuchilla de repuesto: 1\/4\" a 1 1\/8\" - 1 escariador o rebarbador pl\u00e1stico cil\u00edndrico (interior y exterior) - Valija organizadora","og_url":"https:\/\/eurotech.uy\/aireacondicionado\/producto\/kit-balonadora-excentrica-mm-y-sae-corta-cano-rebarbador\/","og_site_name":"Eurotech Aire Acondicionado Uruguay","article_modified_time":"2025-05-24T00:43:59+00:00","og_image":[{"width":1080,"height":1080,"url":"https:\/\/eurotech.uy\/aireacondicionado\/wp-content\/uploads\/2025\/04\/6619-1.jpg","type":"image\/jpeg"}],"twitter_card":"summary_large_image","twitter_misc":{"Tiempo de lectura":"1 minuto"},"schema":{"@context":"https:\/\/schema.org","@graph":[{"@type":"WebPage","@id":"https:\/\/eurotech.uy\/aireacondicionado\/producto\/kit-balonadora-excentrica-mm-y-sae-corta-cano-rebarbador\/","url":"https:\/\/eurotech.uy\/aireacondicionado\/producto\/kit-balonadora-excentrica-mm-y-sae-corta-cano-rebarbador\/","name":"Kit Balonadora Excentrica (mm y SAE) + Corta Ca\u00f1o + Rebarbador - Eurotech Aire Acondicionado Uruguay","isPartOf":{"@id":"https:\/\/eurotech.uy\/aireacondicionado\/#website"},"primaryImageOfPage":{"@id":"https:\/\/eurotech.uy\/aireacondicionado\/producto\/kit-balonadora-excentrica-mm-y-sae-corta-cano-rebarbador\/#primaryimage"},"image":{"@id":"https:\/\/eurotech.uy\/aireacondicionado\/producto\/kit-balonadora-excentrica-mm-y-sae-corta-cano-rebarbador\/#primaryimage"},"thumbnailUrl":"https:\/\/eurotech.uy\/aireacondicionado\/wp-content\/uploads\/2025\/04\/6619-1.jpg","datePublished":"2025-04-16T12:48:17+00:00","dateModified":"2025-05-24T00:43:59+00:00","breadcrumb":{"@id":"https:\/\/eurotech.uy\/aireacondicionado\/producto\/kit-balonadora-excentrica-mm-y-sae-corta-cano-rebarbador\/#breadcrumb"},"inLanguage":"es","potentialAction":[{"@type":"ReadAction","target":["https:\/\/eurotech.uy\/aireacondicionado\/producto\/kit-balonadora-excentrica-mm-y-sae-corta-cano-rebarbador\/"]}]},{"@type":"ImageObject","inLanguage":"es","@id":"https:\/\/eurotech.uy\/aireacondicionado\/producto\/kit-balonadora-excentrica-mm-y-sae-corta-cano-rebarbador\/#primaryimage","url":"https:\/\/eurotech.uy\/aireacondicionado\/wp-content\/uploads\/2025\/04\/6619-1.jpg","contentUrl":"https:\/\/eurotech.uy\/aireacondicionado\/wp-content\/uploads\/2025\/04\/6619-1.jpg","width":1080,"height":1080},{"@type":"BreadcrumbList","@id":"https:\/\/eurotech.uy\/aireacondicionado\/producto\/kit-balonadora-excentrica-mm-y-sae-corta-cano-rebarbador\/#breadcrumb","itemListElement":[{"@type":"ListItem","position":1,"name":"Portada","item":"https:\/\/eurotech.uy\/aireacondicionado\/"},{"@type":"ListItem","position":2,"name":"new shop page","item":"https:\/\/eurotech.uy\/aireacondicionado\/?page_id=6998"},{"@type":"ListItem","position":3,"name":"Kit Balonadora Excentrica (mm y SAE) + Corta Ca\u00f1o + Rebarbador"}]},{"@type":"WebSite","@id":"https:\/\/eurotech.uy\/aireacondicionado\/#website","url":"https:\/\/eurotech.uy\/aireacondicionado\/","name":"Eurotech Aire Acondicionado Uruguay","description":"Eurotech  AA UY","potentialAction":[{"@type":"SearchAction","target":{"@type":"EntryPoint","urlTemplate":"https:\/\/eurotech.uy\/aireacondicionado\/?s={search_term_string}"},"query-input":{"@type":"PropertyValueSpecification","valueRequired":true,"valueName":"search_term_string"}}],"inLanguage":"es"}]}},"_links":{"self":[{"href":"https:\/\/eurotech.uy\/aireacondicionado\/wp-json\/wp\/v2\/product\/11707","targetHints":{"allow":["GET"]}}],"collection":[{"href":"https:\/\/eurotech.uy\/aireacondicionado\/wp-json\/wp\/v2\/product"}],"about":[{"href":"https:\/\/eurotech.uy\/aireacondicionado\/wp-json\/wp\/v2\/types\/product"}],"wp:featuredmedia":[{"embeddable":true,"href":"https:\/\/eurotech.uy\/aireacondicionado\/wp-json\/wp\/v2\/media\/11655"}],"wp:attachment":[{"href":"https:\/\/eurotech.uy\/aireacondicionado\/wp-json\/wp\/v2\/media?parent=11707"}],"wp:term":[{"taxonomy":"product_brand","embeddable":true,"href":"https:\/\/eurotech.uy\/aireacondicionado\/wp-json\/wp\/v2\/product_brand?post=11707"},{"taxonomy":"product_cat","embeddable":true,"href":"https:\/\/eurotech.uy\/aireacondicionado\/wp-json\/wp\/v2\/product_cat?post=11707"},{"taxonomy":"product_tag","embeddable":true,"href":"https:\/\/eurotech.uy\/aireacondicionado\/wp-json\/wp\/v2\/product_tag?post=11707"}],"curies":[{"name":"wp","href":"https:\/\/api.w.org\/{rel}","templated":true}]}}